{"id":5523,"date":"2016-10-12T19:44:30","date_gmt":"2016-10-12T19:44:30","guid":{"rendered":"http:\/\/billyscrashhelmets.co.uk\/ukstaging\/?page_id=5523"},"modified":"2019-05-06T14:16:36","modified_gmt":"2019-05-06T14:16:36","slug":"suchen-und-filtern-um-deinen-nachsten-crash-helm-zu-finden","status":"publish","type":"page","link":"https:\/\/billyscrashhelmets.co.uk\/de\/search-and-filter-to-find-your-next-crash-helmet\/","title":{"rendered":"Suchen und filtern, um Ihren n\u00e4chsten Sturzhelm zu finden"},"content":{"rendered":"<p><em><strong>Es ist nicht sch\u00f6n, aber hoffentlich n\u00fctzlich.<\/strong><\/em><\/p>\n<p><strong>Verwenden Sie die unten stehenden Felder, um Ihren n\u00e4chsten Helm zu finden.<\/strong><\/p>\n<ul>\n<li><strong>W\u00e4hlen Sie 2 oder 3 Merkmale, die Sie sich f\u00fcr Ihren n\u00e4chsten Helm w\u00fcnschen, und wir zeigen Ihnen, welche Helme sie haben.\u00a0<\/strong><\/li>\n<li><strong>Die Zahl hinter jeder Option zeigt an, wie viele Helme diese Funktion haben. W\u00e4hlen Sie also zu viele aus, werden Sie keine Ergebnisse sehen.<\/strong><\/li>\n<li><strong>Ignorieren Sie den Titel auf der Ergebnisseite - es wird das erste ausgew\u00e4hlte K\u00e4stchen als Seitentitel angezeigt.<\/strong><\/li>\n<\/ul>\n<p><strong>Viel Spa\u00df beim Suchen. Wenn Sie damit nicht weiterkommen, probieren Sie doch mal unsere <a href=\"http:\/\/billyscrashhelmets.co.uk\/de\/motorrad-crash-helm-galerie\/\">Galerie der Helmbildsuche<\/a>?<\/strong><\/p>\n\n\t\t\t\t<form action=\"\" method=\"post\" class=\"searchandfilter\" data-trp-original-action=\"\">\n\t\t\t\t\t<div><ul><li><h4>W\u00e4hlen Sie 2 oder 3 Helmmerkmale (maximal) und klicken Sie dann auf \"Absenden\".<\/h4><ul>\t<li class=\"cat-item cat-item-967\"><label><input type='checkbox' name='ofpost_tag[]' value='967' \/> 5 Jahre Garantie (96)<\/label>\n<\/li>\n\t<li class=\"cat-item cat-item-118\"><label><input type='checkbox' name='ofpost_tag[]' value='118' \/> ACU Gold (97)<\/label>\n<\/li>\n\t<li class=\"cat-item cat-item-16\"><label><input type='checkbox' name='ofpost_tag[]' value='16' \/> Abenteuer Fahrradhelme (19)<\/label>\n<\/li>\n\t<li class=\"cat-item cat-item-121\"><label><input type='checkbox' name='ofpost_tag[]' value='121' \/> Anti-Beschlag (176)<\/label>\n<\/li>\n\t<li class=\"cat-item cat-item-11\"><label><input type='checkbox' name='ofpost_tag[]' value='11' \/> Schn\u00e4ppchen (29)<\/label>\n<\/li>\n\t<li class=\"cat-item cat-item-54\"><label><input type='checkbox' name='ofpost_tag[]' value='54' \/> Budget-Helme (63)<\/label>\n<\/li>\n\t<li class=\"cat-item cat-item-74\"><label><input type='checkbox' name='ofpost_tag[]' value='74' \/> Verarbeitungsqualit\u00e4t (117)<\/label>\n<\/li>\n\t<li class=\"cat-item cat-item-128\"><label><input type='checkbox' name='ofpost_tag[]' value='128' \/> Kohlefaser (50)<\/label>\n<\/li>\n\t<li class=\"cat-item cat-item-56\"><label><input type='checkbox' name='ofpost_tag[]' value='56' \/> Billige Helme (69)<\/label>\n<\/li>\n\t<li class=\"cat-item cat-item-80\"><label><input type='checkbox' name='ofpost_tag[]' value='80' \/> Bequeme Sturzhelme (168)<\/label>\n<\/li>\n\t<li class=\"cat-item cat-item-124\"><label><input type='checkbox' name='ofpost_tag[]' value='124' \/> Kommunikationsf\u00e4hig (139)<\/label>\n<\/li>\n\t<li class=\"cat-item cat-item-1572\"><label><input type='checkbox' name='ofpost_tag[]' value='1572' \/> Pendeln (57)<\/label>\n<\/li>\n\t<li class=\"cat-item cat-item-123\"><label><input type='checkbox' name='ofpost_tag[]' value='123' \/> Komposit-Schale (89)<\/label>\n<\/li>\n\t<li class=\"cat-item cat-item-39\"><label><input type='checkbox' name='ofpost_tag[]' value='39' \/> Die coolsten Helme (50)<\/label>\n<\/li>\n\t<li class=\"cat-item cat-item-75\"><label><input type='checkbox' name='ofpost_tag[]' value='75' \/> D-Ring-Verschl\u00fcsse (130)<\/label>\n<\/li>\n\t<li class=\"cat-item cat-item-67\"><label><input type='checkbox' name='ofpost_tag[]' value='67' \/> Doppelt homologiert (38)<\/label>\n<\/li>\n\t<li class=\"cat-item cat-item-127\"><label><input type='checkbox' name='ofpost_tag[]' value='127' \/> Duale Sportarten (18)<\/label>\n<\/li>\n\t<li class=\"cat-item cat-item-1874\"><label><input type='checkbox' name='ofpost_tag[]' value='1874' \/> E-Bike\/Escooter (11)<\/label>\n<\/li>\n\t<li class=\"cat-item cat-item-1866\"><label><input type='checkbox' name='ofpost_tag[]' value='1866' \/> ECE 22.06 (16)<\/label>\n<\/li>\n\t<li class=\"cat-item cat-item-981\"><label><input type='checkbox' name='ofpost_tag[]' value='981' \/> EQRS (48)<\/label>\n<\/li>\n\t<li class=\"cat-item cat-item-1039\"><label><input type='checkbox' name='ofpost_tag[]' value='1039' \/> ESS (5)<\/label>\n<\/li>\n\t<li class=\"cat-item cat-item-57\"><label><input type='checkbox' name='ofpost_tag[]' value='57' \/> Teure Helme (85)<\/label>\n<\/li>\n\t<li class=\"cat-item cat-item-1493\"><label><input type='checkbox' name='ofpost_tag[]' value='1493' \/> Extreme Gr\u00f6\u00dfen (35)<\/label>\n<\/li>\n\t<li class=\"cat-item cat-item-73\"><label><input type='checkbox' name='ofpost_tag[]' value='73' \/> Glasfaser (75)<\/label>\n<\/li>\n\t<li class=\"cat-item cat-item-1856\"><label><input type='checkbox' name='ofpost_tag[]' value='1856' \/> Fidlock-Verschluss (1)<\/label>\n<\/li>\n\t<li class=\"cat-item cat-item-1585\"><label><input type='checkbox' name='ofpost_tag[]' value='1585' \/> FIM homologiert (16)<\/label>\n<\/li>\n\t<li class=\"cat-item cat-item-1870\"><label><input type='checkbox' name='ofpost_tag[]' value='1870' \/> Umklappen (4)<\/label>\n<\/li>\n\t<li class=\"cat-item cat-item-119\"><label><input type='checkbox' name='ofpost_tag[]' value='119' \/> Aufklappbar und modular (68)<\/label>\n<\/li>\n\t<li class=\"cat-item cat-item-46\"><label><input type='checkbox' name='ofpost_tag[]' value='46' \/> Integralhelme (154)<\/label>\n<\/li>\n\t<li class=\"cat-item cat-item-76\"><label><input type='checkbox' name='ofpost_tag[]' value='76' \/> Gut f\u00fcr Brillen (120)<\/label>\n<\/li>\n\t<li class=\"cat-item cat-item-110\"><label><input type='checkbox' name='ofpost_tag[]' value='110' \/> Guter Wert (106)<\/label>\n<\/li>\n\t<li class=\"cat-item cat-item-78\"><label><input type='checkbox' name='ofpost_tag[]' value='78' \/> Gute Bel\u00fcftung (131)<\/label>\n<\/li>\n\t<li class=\"cat-item cat-item-130\"><label><input type='checkbox' name='ofpost_tag[]' value='130' \/> Leitf\u00e4den (37)<\/label>\n<\/li>\n\t<li class=\"cat-item cat-item-968\"><label><input type='checkbox' name='ofpost_tag[]' value='968' \/> Hi Viz (72)<\/label>\n<\/li>\n\t<li class=\"cat-item cat-item-966\"><label><input type='checkbox' name='ofpost_tag[]' value='966' \/> HUD (2)<\/label>\n<\/li>\n\t<li class=\"cat-item cat-item-1864\"><label><input type='checkbox' name='ofpost_tag[]' value='1864' \/> Integriertes Headset (43)<\/label>\n<\/li>\n\t<li class=\"cat-item cat-item-68\"><label><input type='checkbox' name='ofpost_tag[]' value='68' \/> Helme im Jet-Stil (4)<\/label>\n<\/li>\n\t<li class=\"cat-item cat-item-1573\"><label><input type='checkbox' name='ofpost_tag[]' value='1573' \/> Kinderhelme (3)<\/label>\n<\/li>\n\t<li class=\"cat-item cat-item-136\"><label><input type='checkbox' name='ofpost_tag[]' value='136' \/> LEDs (3)<\/label>\n<\/li>\n\t<li class=\"cat-item cat-item-53\"><label><input type='checkbox' name='ofpost_tag[]' value='53' \/> Geringes Gewicht (78)<\/label>\n<\/li>\n\t<li class=\"cat-item cat-item-1582\"><label><input type='checkbox' name='ofpost_tag[]' value='1582' \/> Langes Oval (13)<\/label>\n<\/li>\n\t<li class=\"cat-item cat-item-1581\"><label><input type='checkbox' name='ofpost_tag[]' value='1581' \/> Mittelgro\u00dfes Oval (80)<\/label>\n<\/li>\n\t<li class=\"cat-item cat-item-77\"><label><input type='checkbox' name='ofpost_tag[]' value='77' \/> Mittelpreisige Helme (105)<\/label>\n<\/li>\n\t<li class=\"cat-item cat-item-115\"><label><input type='checkbox' name='ofpost_tag[]' value='115' \/> Mikrometrische Verbindungselemente (117)<\/label>\n<\/li>\n\t<li class=\"cat-item cat-item-1871\"><label><input type='checkbox' name='ofpost_tag[]' value='1871' \/> MIPS (9)<\/label>\n<\/li>\n\t<li class=\"cat-item cat-item-117\"><label><input type='checkbox' name='ofpost_tag[]' value='117' \/> Motocross-Helme (18)<\/label>\n<\/li>\n\t<li class=\"cat-item cat-item-1868\"><label><input type='checkbox' name='ofpost_tag[]' value='1868' \/> MotoGP (13)<\/label>\n<\/li>\n\t<li class=\"cat-item cat-item-1588\"><label><input type='checkbox' name='ofpost_tag[]' value='1588' \/> Neutraler Einbau (8)<\/label>\n<\/li>\n\t<li class=\"cat-item cat-item-69\"><label><input type='checkbox' name='ofpost_tag[]' value='69' \/> Die lautesten Helme (5)<\/label>\n<\/li>\n\t<li class=\"cat-item cat-item-17\"><label><input type='checkbox' name='ofpost_tag[]' value='17' \/> Sturzhelme mit offenem Gesicht (15)<\/label>\n<\/li>\n\t<li class=\"cat-item cat-item-962\"><label><input type='checkbox' name='ofpost_tag[]' value='962' \/> Optisch korrektes Visier (41)<\/label>\n<\/li>\n\t<li class=\"cat-item cat-item-964\"><label><input type='checkbox' name='ofpost_tag[]' value='964' \/> Photochromes Visier (9)<\/label>\n<\/li>\n\t<li class=\"cat-item cat-item-59\"><label><input type='checkbox' name='ofpost_tag[]' value='59' \/> Pinlock (168)<\/label>\n<\/li>\n\t<li class=\"cat-item cat-item-47\"><label><input type='checkbox' name='ofpost_tag[]' value='47' \/> Helme aus Polycarbonat (78)<\/label>\n<\/li>\n\t<li class=\"cat-item cat-item-126\"><label><input type='checkbox' name='ofpost_tag[]' value='126' \/> Schnellwechselvisier (151)<\/label>\n<\/li>\n\t<li class=\"cat-item cat-item-94\"><label><input type='checkbox' name='ofpost_tag[]' value='94' \/> Am leisesten (27)<\/label>\n<\/li>\n\t<li class=\"cat-item cat-item-70\"><label><input type='checkbox' name='ofpost_tag[]' value='70' \/> Herausnehmbares Futter (230)<\/label>\n<\/li>\n\t<li class=\"cat-item cat-item-980\"><label><input type='checkbox' name='ofpost_tag[]' value='980' \/> Retro-Helme (19)<\/label>\n<\/li>\n\t<li class=\"cat-item cat-item-6\"><label><input type='checkbox' name='ofpost_tag[]' value='6' \/> Sicherste Helme (116)<\/label>\n<\/li>\n\t<li class=\"cat-item cat-item-116\"><label><input type='checkbox' name='ofpost_tag[]' value='116' \/> Sicherheitsgurtverschl\u00fcsse (2)<\/label>\n<\/li>\n\t<li class=\"cat-item cat-item-44\"><label><input type='checkbox' name='ofpost_tag[]' value='44' \/> SHARP 1-3 Stern (40)<\/label>\n<\/li>\n\t<li class=\"cat-item cat-item-50\"><label><input type='checkbox' name='ofpost_tag[]' value='50' \/> SHARP 4 Star Sturzhelme (78)<\/label>\n<\/li>\n\t<li class=\"cat-item cat-item-42\"><label><input type='checkbox' name='ofpost_tag[]' value='42' \/> SHARP 5 Stern (31)<\/label>\n<\/li>\n\t<li class=\"cat-item cat-item-1579\"><label><input type='checkbox' name='ofpost_tag[]' value='1579' \/> Snell zertifiziert (12)<\/label>\n<\/li>\n\t<li class=\"cat-item cat-item-133\"><label><input type='checkbox' name='ofpost_tag[]' value='133' \/> Sportliche Fahrradhelme (41)<\/label>\n<\/li>\n\t<li class=\"cat-item cat-item-134\"><label><input type='checkbox' name='ofpost_tag[]' value='134' \/> Sport-Tourenhelme (105)<\/label>\n<\/li>\n\t<li class=\"cat-item cat-item-72\"><label><input type='checkbox' name='ofpost_tag[]' value='72' \/> Sonnenblende (125)<\/label>\n<\/li>\n\t<li class=\"cat-item cat-item-982\"><label><input type='checkbox' name='ofpost_tag[]' value='982' \/> Abrissbereit (19)<\/label>\n<\/li>\n\t<li class=\"cat-item cat-item-108\"><label><input type='checkbox' name='ofpost_tag[]' value='108' \/> Thermoplastischer Kunststoff (88)<\/label>\n<\/li>\n\t<li class=\"cat-item cat-item-1559\"><label><input type='checkbox' name='ofpost_tag[]' value='1559' \/> Leichtathletikhelme (24)<\/label>\n<\/li>\n\t<li class=\"cat-item cat-item-79\"><label><input type='checkbox' name='ofpost_tag[]' value='79' \/> Breites Visier (115)<\/label>\n<\/li>\n<\/ul><input type=\"hidden\" name=\"ofpost_tag_operator\" value=\"and\" \/><\/li><li><input type=\"hidden\" id=\"_searchandfilter_nonce\" name=\"_searchandfilter_nonce\" value=\"3723ba624e\" \/><input type=\"hidden\" name=\"_wp_http_referer\" value=\"\/de\/wp-json\/wp\/v2\/pages\/5523\" \/><input type=\"hidden\" name=\"ofsubmitted\" value=\"1\"><input type=\"submit\" value=\"Einreichen\"><\/li><\/ul><\/div><input type=\"hidden\" name=\"trp-form-language\" value=\"de\"\/><\/form>\n<p>&nbsp;<\/p>","protected":false},"excerpt":{"rendered":"<p>It ain&#8217;t pretty, but hopefully it&#8217;s useful. Use the boxes below to find your next helmet. Choose 2 or 3 crash helmet features you want in your next crash helmet and we&#8217;ll show you which helmets have got em.\u00a0 The number after each option shows how many helmets have that feature. So select too many, [&hellip;]<\/p>\n","protected":false},"author":5,"featured_media":7552,"parent":0,"menu_order":0,"comment_status":"closed","ping_status":"closed","template":"","meta":{"footnotes":""},"class_list":["post-5523","page","type-page","status-publish","has-post-thumbnail"],"yoast_head":"<!-- This site is optimized with the Yoast SEO plugin v27.5 - https:\/\/yoast.com\/product\/yoast-seo-wordpress\/ -->\n<title>Search and Filter to find your next crash helmet - Billys Crash Helmets<\/title>\n<meta name=\"description\" content=\"Looking for a new crash helmet? Use our filter and find boxes to choose which helmet features you want in your next motorcycle helmet.\" \/>\n<meta name=\"robots\" content=\"index, follow, max-snippet:-1, max-image-preview:large, max-video-preview:-1\" \/>\n<link rel=\"canonical\" href=\"https:\/\/billyscrashhelmets.co.uk\/de\/suchen-und-filtern-um-deinen-nachsten-crash-helm-zu-finden\/\" \/>\n<meta property=\"og:locale\" content=\"de_DE\" \/>\n<meta property=\"og:type\" content=\"article\" \/>\n<meta property=\"og:title\" content=\"Search and Filter to find your next crash helmet - Billys Crash Helmets\" \/>\n<meta property=\"og:description\" content=\"Looking for a new crash helmet? Use our filter and find boxes to choose which helmet features you want in your next motorcycle helmet.\" \/>\n<meta property=\"og:url\" content=\"https:\/\/billyscrashhelmets.co.uk\/de\/suchen-und-filtern-um-deinen-nachsten-crash-helm-zu-finden\/\" \/>\n<meta property=\"og:site_name\" content=\"Billys Crash Helmets\" \/>\n<meta property=\"article:publisher\" content=\"https:\/\/www.facebook.com\/pages\/Billys-Crash-Helmets\/252001191558014\" \/>\n<meta property=\"article:modified_time\" content=\"2019-05-06T14:16:36+00:00\" \/>\n<meta property=\"og:image\" content=\"https:\/\/billyscrashhelmets.co.uk\/wp-content\/uploads\/2012\/03\/filter-and-find-crash-helmets-featured-4.jpg\" \/>\n\t<meta property=\"og:image:width\" content=\"512\" \/>\n\t<meta property=\"og:image:height\" content=\"259\" \/>\n\t<meta property=\"og:image:type\" content=\"image\/jpeg\" \/>\n<meta name=\"twitter:label1\" content=\"Est. reading time\" \/>\n\t<meta name=\"twitter:data1\" content=\"1 minute\" \/>\n<script type=\"application\/ld+json\" class=\"yoast-schema-graph\">{\"@context\":\"https:\\\/\\\/schema.org\",\"@graph\":[{\"@type\":\"WebPage\",\"@id\":\"https:\\\/\\\/billyscrashhelmets.co.uk\\\/fr\\\/rechercher-et-filtrer-pour-trouver-son-prochain-casque-de-protection\\\/\",\"url\":\"https:\\\/\\\/billyscrashhelmets.co.uk\\\/fr\\\/rechercher-et-filtrer-pour-trouver-son-prochain-casque-de-protection\\\/\",\"name\":\"Search and Filter to find your next crash helmet - Billys Crash Helmets\",\"isPartOf\":{\"@id\":\"https:\\\/\\\/billyscrashhelmets.co.uk\\\/de\\\/#website\"},\"primaryImageOfPage\":{\"@id\":\"https:\\\/\\\/billyscrashhelmets.co.uk\\\/fr\\\/rechercher-et-filtrer-pour-trouver-son-prochain-casque-de-protection\\\/#primaryimage\"},\"image\":{\"@id\":\"https:\\\/\\\/billyscrashhelmets.co.uk\\\/fr\\\/rechercher-et-filtrer-pour-trouver-son-prochain-casque-de-protection\\\/#primaryimage\"},\"thumbnailUrl\":\"https:\\\/\\\/billyscrashhelmets.co.uk\\\/wp-content\\\/uploads\\\/2012\\\/03\\\/filter-and-find-crash-helmets-featured-4.jpg\",\"datePublished\":\"2016-10-12T19:44:30+00:00\",\"dateModified\":\"2019-05-06T14:16:36+00:00\",\"description\":\"Looking for a new crash helmet? Use our filter and find boxes to choose which helmet features you want in your next motorcycle helmet.\",\"breadcrumb\":{\"@id\":\"https:\\\/\\\/billyscrashhelmets.co.uk\\\/fr\\\/rechercher-et-filtrer-pour-trouver-son-prochain-casque-de-protection\\\/#breadcrumb\"},\"inLanguage\":\"de-DE\",\"potentialAction\":[{\"@type\":\"ReadAction\",\"target\":[\"https:\\\/\\\/billyscrashhelmets.co.uk\\\/fr\\\/rechercher-et-filtrer-pour-trouver-son-prochain-casque-de-protection\\\/\"]}]},{\"@type\":\"ImageObject\",\"inLanguage\":\"de-DE\",\"@id\":\"https:\\\/\\\/billyscrashhelmets.co.uk\\\/fr\\\/rechercher-et-filtrer-pour-trouver-son-prochain-casque-de-protection\\\/#primaryimage\",\"url\":\"https:\\\/\\\/billyscrashhelmets.co.uk\\\/wp-content\\\/uploads\\\/2012\\\/03\\\/filter-and-find-crash-helmets-featured-4.jpg\",\"contentUrl\":\"https:\\\/\\\/billyscrashhelmets.co.uk\\\/wp-content\\\/uploads\\\/2012\\\/03\\\/filter-and-find-crash-helmets-featured-4.jpg\",\"width\":512,\"height\":259,\"caption\":\"filter-and-find-crash-helmets-featured-4\"},{\"@type\":\"BreadcrumbList\",\"@id\":\"https:\\\/\\\/billyscrashhelmets.co.uk\\\/fr\\\/rechercher-et-filtrer-pour-trouver-son-prochain-casque-de-protection\\\/#breadcrumb\",\"itemListElement\":[{\"@type\":\"ListItem\",\"position\":1,\"name\":\"Homepage\",\"item\":\"https:\\\/\\\/billyscrashhelmets.co.uk\\\/de\\\/\"},{\"@type\":\"ListItem\",\"position\":2,\"name\":\"Search and Filter to find your next crash helmet\"}]},{\"@type\":\"WebSite\",\"@id\":\"https:\\\/\\\/billyscrashhelmets.co.uk\\\/de\\\/#website\",\"url\":\"https:\\\/\\\/billyscrashhelmets.co.uk\\\/de\\\/\",\"name\":\"Billys Crash Helmets\",\"description\":\"The best place to find your next crash helmet\",\"potentialAction\":[{\"@type\":\"SearchAction\",\"target\":{\"@type\":\"EntryPoint\",\"urlTemplate\":\"https:\\\/\\\/billyscrashhelmets.co.uk\\\/de\\\/?s={search_term_string}\"},\"query-input\":{\"@type\":\"PropertyValueSpecification\",\"valueRequired\":true,\"valueName\":\"search_term_string\"}}],\"inLanguage\":\"de-DE\"}]}<\/script>\n<!-- \/ Yoast SEO plugin. -->","yoast_head_json":{"title":"Suchen und Filtern, um Ihren n\u00e4chsten Sturzhelm zu finden - Billys Crash Helmets","description":"Sie suchen einen neuen Sturzhelm? Nutzen Sie unseren Filter und die Suchboxen, um auszuw\u00e4hlen, welche Eigenschaften Sie sich f\u00fcr Ihren n\u00e4chsten Motorradhelm w\u00fcnschen.","robots":{"index":"index","follow":"follow","max-snippet":"max-snippet:-1","max-image-preview":"max-image-preview:large","max-video-preview":"max-video-preview:-1"},"canonical":"https:\/\/billyscrashhelmets.co.uk\/de\/suchen-und-filtern-um-deinen-nachsten-crash-helm-zu-finden\/","og_locale":"de_DE","og_type":"article","og_title":"Search and Filter to find your next crash helmet - Billys Crash Helmets","og_description":"Looking for a new crash helmet? Use our filter and find boxes to choose which helmet features you want in your next motorcycle helmet.","og_url":"https:\/\/billyscrashhelmets.co.uk\/de\/suchen-und-filtern-um-deinen-nachsten-crash-helm-zu-finden\/","og_site_name":"Billys Crash Helmets","article_publisher":"https:\/\/www.facebook.com\/pages\/Billys-Crash-Helmets\/252001191558014","article_modified_time":"2019-05-06T14:16:36+00:00","og_image":[{"width":512,"height":259,"url":"https:\/\/billyscrashhelmets.co.uk\/wp-content\/uploads\/2012\/03\/filter-and-find-crash-helmets-featured-4.jpg","type":"image\/jpeg"}],"twitter_misc":{"Est. reading time":"1 minute"},"schema":{"@context":"https:\/\/schema.org","@graph":[{"@type":"WebPage","@id":"https:\/\/billyscrashhelmets.co.uk\/fr\/rechercher-et-filtrer-pour-trouver-son-prochain-casque-de-protection\/","url":"https:\/\/billyscrashhelmets.co.uk\/fr\/rechercher-et-filtrer-pour-trouver-son-prochain-casque-de-protection\/","name":"Suchen und Filtern, um Ihren n\u00e4chsten Sturzhelm zu finden - Billys Crash Helmets","isPartOf":{"@id":"https:\/\/billyscrashhelmets.co.uk\/de\/#website"},"primaryImageOfPage":{"@id":"https:\/\/billyscrashhelmets.co.uk\/fr\/rechercher-et-filtrer-pour-trouver-son-prochain-casque-de-protection\/#primaryimage"},"image":{"@id":"https:\/\/billyscrashhelmets.co.uk\/fr\/rechercher-et-filtrer-pour-trouver-son-prochain-casque-de-protection\/#primaryimage"},"thumbnailUrl":"https:\/\/billyscrashhelmets.co.uk\/wp-content\/uploads\/2012\/03\/filter-and-find-crash-helmets-featured-4.jpg","datePublished":"2016-10-12T19:44:30+00:00","dateModified":"2019-05-06T14:16:36+00:00","description":"Sie suchen einen neuen Sturzhelm? Nutzen Sie unseren Filter und die Suchboxen, um auszuw\u00e4hlen, welche Eigenschaften Sie sich f\u00fcr Ihren n\u00e4chsten Motorradhelm w\u00fcnschen.","breadcrumb":{"@id":"https:\/\/billyscrashhelmets.co.uk\/fr\/rechercher-et-filtrer-pour-trouver-son-prochain-casque-de-protection\/#breadcrumb"},"inLanguage":"de-DE","potentialAction":[{"@type":"ReadAction","target":["https:\/\/billyscrashhelmets.co.uk\/fr\/rechercher-et-filtrer-pour-trouver-son-prochain-casque-de-protection\/"]}]},{"@type":"ImageObject","inLanguage":"de-DE","@id":"https:\/\/billyscrashhelmets.co.uk\/fr\/rechercher-et-filtrer-pour-trouver-son-prochain-casque-de-protection\/#primaryimage","url":"https:\/\/billyscrashhelmets.co.uk\/wp-content\/uploads\/2012\/03\/filter-and-find-crash-helmets-featured-4.jpg","contentUrl":"https:\/\/billyscrashhelmets.co.uk\/wp-content\/uploads\/2012\/03\/filter-and-find-crash-helmets-featured-4.jpg","width":512,"height":259,"caption":"filter-and-find-crash-helmets-featured-4"},{"@type":"BreadcrumbList","@id":"https:\/\/billyscrashhelmets.co.uk\/fr\/rechercher-et-filtrer-pour-trouver-son-prochain-casque-de-protection\/#breadcrumb","itemListElement":[{"@type":"ListItem","position":1,"name":"Homepage","item":"https:\/\/billyscrashhelmets.co.uk\/de\/"},{"@type":"ListItem","position":2,"name":"Search and Filter to find your next crash helmet"}]},{"@type":"WebSite","@id":"https:\/\/billyscrashhelmets.co.uk\/de\/#website","url":"https:\/\/billyscrashhelmets.co.uk\/de\/","name":"Billys Sturzhelme","description":"Der beste Ort, um Ihren n\u00e4chsten Sturzhelm zu finden","potentialAction":[{"@type":"SearchAction","target":{"@type":"EntryPoint","urlTemplate":"https:\/\/billyscrashhelmets.co.uk\/de\/?s={search_term_string}"},"query-input":{"@type":"PropertyValueSpecification","valueRequired":true,"valueName":"search_term_string"}}],"inLanguage":"de-DE"}]}},"_links":{"self":[{"href":"https:\/\/billyscrashhelmets.co.uk\/de\/wp-json\/wp\/v2\/pages\/5523","targetHints":{"allow":["GET"]}}],"collection":[{"href":"https:\/\/billyscrashhelmets.co.uk\/de\/wp-json\/wp\/v2\/pages"}],"about":[{"href":"https:\/\/billyscrashhelmets.co.uk\/de\/wp-json\/wp\/v2\/types\/page"}],"author":[{"embeddable":true,"href":"https:\/\/billyscrashhelmets.co.uk\/de\/wp-json\/wp\/v2\/users\/5"}],"replies":[{"embeddable":true,"href":"https:\/\/billyscrashhelmets.co.uk\/de\/wp-json\/wp\/v2\/comments?post=5523"}],"version-history":[{"count":0,"href":"https:\/\/billyscrashhelmets.co.uk\/de\/wp-json\/wp\/v2\/pages\/5523\/revisions"}],"wp:featuredmedia":[{"embeddable":true,"href":"https:\/\/billyscrashhelmets.co.uk\/de\/wp-json\/wp\/v2\/media\/7552"}],"wp:attachment":[{"href":"https:\/\/billyscrashhelmets.co.uk\/de\/wp-json\/wp\/v2\/media?parent=5523"}],"curies":[{"name":"wp","href":"https:\/\/api.w.org\/{rel}","templated":true}]}}