{"id":6515,"date":"2016-05-19T16:15:28","date_gmt":"2016-05-19T16:15:28","guid":{"rendered":"http:\/\/billyscrashhelmets.co.uk\/ukstaging\/?page_id=6515"},"modified":"2020-03-20T15:04:18","modified_gmt":"2020-03-20T15:04:18","slug":"erlebnis-benutzung-sportbikeshop","status":"publish","type":"page","link":"https:\/\/billyscrashhelmets.co.uk\/de\/experience-using-sportsbikeshop\/","title":{"rendered":"Unsere Erfahrungen mit SportsBikeShop"},"content":{"rendered":"<p><strong>Wenn wir einen H\u00e4ndler empfehlen, dann sollten wir auch bereit sein, unseren Worten Taten folgen zu lassen, oder?<\/strong><\/p>\n<p>Also haben wir einen unserer am besten bewerteten Sturzhelme, den HJC IS 17, bei Sports Bike Shop bestellt, ohne dass sie davon wussten, damit wir pr\u00fcfen k\u00f6nnen, wie gut sie funktionieren.<\/p>\n<p>Au\u00dferdem wollten wir das pro-Verfahren f\u00fcr R\u00fccksendungen testen, um sicherzugehen, dass sie sich genauso gerne um pro-Fehler k\u00fcmmern wie um unser hart verdientes Geld. Also haben wir zun\u00e4chst eine Nummer zu gro\u00df bestellt (XL), weil wir wussten, dass wir es gegen eine Gr\u00f6\u00dfe L eintauschen m\u00fcssen.<\/p>\n<p><strong>Hier ist, was wir gefunden haben:<\/strong><\/p>\n<p>&nbsp;<\/p>\n<p><strong>Helm gekauft 22. April<\/strong> - 13.05 Uhr - Freitag vor einem Feiertag am Montag.<\/p>\n<p>Einfache Bestellung process online mit Tracking und kostenloses Porto (hurra!). Bestellte Gr\u00f6\u00dfe zu gro\u00df, um zu testen, kehrt process.<\/p>\n<p>Zun\u00e4chst wurde die Karte abgelehnt (meine Schuld, ich hatte sie eine Weile nicht benutzt, also hat die Bank sie gesperrt). Ich habe jedoch eine E-Mail von SBS erhalten, die besagt, dass die Karte abgelehnt wurde.<\/p>\n<p>Nachdem die Sperrung der Kreditkarte aufgehoben wurde, schickte ich eine E-Mail, um mitzuteilen, dass meine Karte nun freigegeben wurde, und sie best\u00e4tigten schnell, dass die Bestellung angenommen wurde und alles in Ordnung war.<\/p>\n<p>Bevor die Bestellung geliefert werden sollte, erhielt ich eine E-Mail, in der mir ein Zeitfenster f\u00fcr die Lieferung genannt wurde, das ich leicht online \u00e4ndern konnte - ich entschied mich f\u00fcr eine Lieferung einen Tag sp\u00e4ter.<\/p>\n<p>Helm wurde Freitag nachmittag bestellt, w\u00e4re angekommen <strong>Dienstag, 26. April<\/strong> (auch hier war der Montag ein Feiertag), so dass die Lieferung tats\u00e4chlich am 27. April erfolgte.<\/p>\n<figure id=\"attachment_6518\" aria-describedby=\"caption-attachment-6518\" style=\"width: 300px\" class=\"wp-caption alignright\"><a href=\"http:\/\/billyscrashhelmets.co.uk\/wp-content\/uploads\/2016\/05\/Sportsbikeshop-delivery.jpg\"><img loading=\"lazy\" decoding=\"async\" class=\"size-medium wp-image-6518\" src=\"http:\/\/billyscrashhelmets.co.uk\/wp-content\/uploads\/2016\/05\/Sportsbikeshop-delivery-300x233.jpg\" alt=\"Sportsbikeshop-Lieferungen\" width=\"300\" height=\"233\" srcset=\"https:\/\/billyscrashhelmets.co.uk\/wp-content\/uploads\/2016\/05\/Sportsbikeshop-delivery-300x233.jpg 300w, https:\/\/billyscrashhelmets.co.uk\/wp-content\/uploads\/2016\/05\/Sportsbikeshop-delivery-150x116.jpg 150w, https:\/\/billyscrashhelmets.co.uk\/wp-content\/uploads\/2016\/05\/Sportsbikeshop-delivery-180x140.jpg 180w, https:\/\/billyscrashhelmets.co.uk\/wp-content\/uploads\/2016\/05\/Sportsbikeshop-delivery.jpg 600w\" sizes=\"auto, (max-width: 300px) 100vw, 300px\" \/><\/a><figcaption id=\"caption-attachment-6518\" class=\"wp-caption-text\">Ihre SBS-Lieferung Sir...<\/figcaption><\/figure>\n<p>Helm sah ganz neu ohne Fingerabdr\u00fccke. Die Box war stark und gut verpackt, so war alles, wie es sein sollte.<\/p>\n<p>Ich hatte eine Nummer zu gro\u00df gew\u00e4hlt, damit ich die R\u00fccksendung process testen konnte, als ich sie gegen eine kleinere Gr\u00f6\u00dfe eintauschte. In der Verpackung befanden sich Anweisungen f\u00fcr die R\u00fccksendung, die ich befolgte (gut zu sehen, dass SBS sehr offen \u00fcber alles ist).<\/p>\n<p>Ich besuchte die Seite f\u00fcr R\u00fccksendungen auf der Website - w\u00e4hlte einige Optionen aus und klickte auf den Link, um zu sehen, wo sich die n\u00e4chstgelegene Kurierstelle befindet (oder w\u00e4hlen Sie Ihren eigenen Kurier auf eigene Kosten) - die UPS-R\u00fccksendung kostet \u00a30, also ist das gro\u00dfartig. Ich habe das Formular ausgef\u00fcllt, und der Bildschirm sagt mir, dass sie mir in K\u00fcrze eine RMA-Nummer und weitere Anweisungen per E-Mail schicken werden.<\/p>\n<p>Sie schickten mir eine PDF-Datei, die ich ausdrucken und auf die Schachtel kleben musste, wobei ich die Schachtel verwenden musste, in der der Helm urspr\u00fcnglich geliefert wurde, und die ich bei der n\u00e4chstgelegenen - wie sich herausstellte - DPD-Abgabestelle abgeben musste (ein lokales Gesch\u00e4ft in 5 Minuten Entfernung).<\/p>\n<p>Auf der SBS-Website sind jetzt zwei Bestellungen aufgef\u00fchrt - der Ersatzhelm wird als ausstehend angezeigt, aber die Kosten sind doppelt so hoch. Dies ist prowahrscheinlich f\u00fcr ihre eigene interne Buchhaltung und kein zus\u00e4tzlicher Betrag wurde genommen.<\/p>\n<p><strong>28. April<\/strong>, abgegeben mit DPD Abgabestelle Nr. problems.<\/p>\n<p><strong>2. Mai<\/strong> - Ich habe eine E-Mail erhalten, in der es hie\u00df, dass die Lieferung am 4. Mittwoch erfolgen w\u00fcrde, ich aber bei Bedarf \u00fcber die Links in der E-Mail einen neuen Termin vereinbaren k\u00f6nne. Umgestellt auf den Tag danach.<\/p>\n<p>Auf ihrer Website hie\u00df es, sie w\u00fcrden mir noch am selben Tag eine E-Mail schicken, um mir mitzuteilen, wann die Lieferung erfolgen w\u00fcrde. Das hat gut funktioniert. Man kann auch auf den Link \"Meinem Paket folgen\" in der E-Mail klicken, um das Paket \u00fcber eine Google-Karte zu verfolgen und die letzten 15 Minuten der Zustellung zu sehen!<\/p>\n<p>Sie k\u00f6nnen auch darum bitten, die Ware bei einem Nachbarn oder an einem sicheren Ort abzugeben oder sie in einem Abholshop abzuholen. Erstaunlich.<\/p>\n<p>Ersatzhelm p\u00fcnktlich geliefert <strong>Donnerstag, 5. Mai<\/strong> - 12 Uhr<\/p>\n<p>&nbsp;<\/p>\n<p><strong>Insgesamt<\/strong><\/p>\n<p>Sehr beeindruckt von dem Service - sehr schnell und gute Kommunikation per E-Mail. Auch wirklich toll, dass der Umtausch des Helms keine zus\u00e4tzlichen Kosten verursachte - entweder R\u00fccksendung des Helms oder erneute Zustellung. Sehr empfehlenswert. Hier klicken f\u00fcr <a href=\"https:\/\/www.sportsbikeshop.co.uk\/motorcycle_parts\/content_cat\/1\/#\/470,2025,0\">Sportsbikeshop selbst besuchen<\/a>.<\/p>","protected":false},"excerpt":{"rendered":"<p>If we&#8217;re going to recommend a retailer, then we ought to be prepared to put our money where our mouth is, right? So we ordered one of our top-rated crash helmets, the HJC IS 17, from Sports Bike Shop without them knowing, so we can check how well they perform. We also wanted to test [&hellip;]<\/p>\n","protected":false},"author":5,"featured_media":0,"parent":0,"menu_order":0,"comment_status":"closed","ping_status":"closed","template":"","meta":{"footnotes":""},"class_list":["post-6515","page","type-page","status-publish"],"yoast_head":"<!-- This site is optimized with the Yoast SEO plugin v27.5 - https:\/\/yoast.com\/product\/yoast-seo-wordpress\/ -->\n<title>Our experience of using SportsBikeShop - Billys Crash Helmets<\/title>\n<meta name=\"robots\" content=\"index, follow, max-snippet:-1, max-image-preview:large, max-video-preview:-1\" \/>\n<link rel=\"canonical\" href=\"https:\/\/billyscrashhelmets.co.uk\/de\/erlebnis-benutzung-sportbikeshop\/\" \/>\n<meta property=\"og:locale\" content=\"de_DE\" \/>\n<meta property=\"og:type\" content=\"article\" \/>\n<meta property=\"og:title\" content=\"Our experience of using SportsBikeShop - Billys Crash Helmets\" \/>\n<meta property=\"og:description\" content=\"If we&#8217;re going to recommend a retailer, then we ought to be prepared to put our money where our mouth is, right? So we ordered one of our top-rated crash helmets, the HJC IS 17, from Sports Bike Shop without them knowing, so we can check how well they perform. We also wanted to test [&hellip;]\" \/>\n<meta property=\"og:url\" content=\"https:\/\/billyscrashhelmets.co.uk\/de\/erlebnis-benutzung-sportbikeshop\/\" \/>\n<meta property=\"og:site_name\" content=\"Billys Crash Helmets\" \/>\n<meta property=\"article:publisher\" content=\"https:\/\/www.facebook.com\/pages\/Billys-Crash-Helmets\/252001191558014\" \/>\n<meta property=\"article:modified_time\" content=\"2020-03-20T15:04:18+00:00\" \/>\n<meta property=\"og:image\" content=\"http:\/\/billyscrashhelmets.co.uk\/wp-content\/uploads\/2016\/05\/Sportsbikeshop-delivery-300x233.jpg\" \/>\n<meta name=\"twitter:label1\" content=\"Est. reading time\" \/>\n\t<meta name=\"twitter:data1\" content=\"3 minutes\" \/>\n<script type=\"application\/ld+json\" class=\"yoast-schema-graph\">{\"@context\":\"https:\\\/\\\/schema.org\",\"@graph\":[{\"@type\":\"WebPage\",\"@id\":\"https:\\\/\\\/billyscrashhelmets.co.uk\\\/experience-using-sportsbikeshop\\\/\",\"url\":\"https:\\\/\\\/billyscrashhelmets.co.uk\\\/experience-using-sportsbikeshop\\\/\",\"name\":\"Our experience of using SportsBikeShop - Billys Crash Helmets\",\"isPartOf\":{\"@id\":\"https:\\\/\\\/billyscrashhelmets.co.uk\\\/de\\\/#website\"},\"primaryImageOfPage\":{\"@id\":\"https:\\\/\\\/billyscrashhelmets.co.uk\\\/experience-using-sportsbikeshop\\\/#primaryimage\"},\"image\":{\"@id\":\"https:\\\/\\\/billyscrashhelmets.co.uk\\\/experience-using-sportsbikeshop\\\/#primaryimage\"},\"thumbnailUrl\":\"http:\\\/\\\/billyscrashhelmets.co.uk\\\/wp-content\\\/uploads\\\/2016\\\/05\\\/Sportsbikeshop-delivery-300x233.jpg\",\"datePublished\":\"2016-05-19T16:15:28+00:00\",\"dateModified\":\"2020-03-20T15:04:18+00:00\",\"breadcrumb\":{\"@id\":\"https:\\\/\\\/billyscrashhelmets.co.uk\\\/experience-using-sportsbikeshop\\\/#breadcrumb\"},\"inLanguage\":\"de-DE\",\"potentialAction\":[{\"@type\":\"ReadAction\",\"target\":[\"https:\\\/\\\/billyscrashhelmets.co.uk\\\/experience-using-sportsbikeshop\\\/\"]}]},{\"@type\":\"ImageObject\",\"inLanguage\":\"de-DE\",\"@id\":\"https:\\\/\\\/billyscrashhelmets.co.uk\\\/experience-using-sportsbikeshop\\\/#primaryimage\",\"url\":\"http:\\\/\\\/billyscrashhelmets.co.uk\\\/wp-content\\\/uploads\\\/2016\\\/05\\\/Sportsbikeshop-delivery-300x233.jpg\",\"contentUrl\":\"http:\\\/\\\/billyscrashhelmets.co.uk\\\/wp-content\\\/uploads\\\/2016\\\/05\\\/Sportsbikeshop-delivery-300x233.jpg\"},{\"@type\":\"BreadcrumbList\",\"@id\":\"https:\\\/\\\/billyscrashhelmets.co.uk\\\/experience-using-sportsbikeshop\\\/#breadcrumb\",\"itemListElement\":[{\"@type\":\"ListItem\",\"position\":1,\"name\":\"Homepage\",\"item\":\"https:\\\/\\\/billyscrashhelmets.co.uk\\\/de\\\/\"},{\"@type\":\"ListItem\",\"position\":2,\"name\":\"Our experience of using SportsBikeShop\"}]},{\"@type\":\"WebSite\",\"@id\":\"https:\\\/\\\/billyscrashhelmets.co.uk\\\/de\\\/#website\",\"url\":\"https:\\\/\\\/billyscrashhelmets.co.uk\\\/de\\\/\",\"name\":\"Billys Crash Helmets\",\"description\":\"The best place to find your next crash helmet\",\"potentialAction\":[{\"@type\":\"SearchAction\",\"target\":{\"@type\":\"EntryPoint\",\"urlTemplate\":\"https:\\\/\\\/billyscrashhelmets.co.uk\\\/de\\\/?s={search_term_string}\"},\"query-input\":{\"@type\":\"PropertyValueSpecification\",\"valueRequired\":true,\"valueName\":\"search_term_string\"}}],\"inLanguage\":\"de-DE\"}]}<\/script>\n<!-- \/ Yoast SEO plugin. -->","yoast_head_json":{"title":"Unsere Erfahrungen mit SportsBikeShop - Billys Crash Helmets","robots":{"index":"index","follow":"follow","max-snippet":"max-snippet:-1","max-image-preview":"max-image-preview:large","max-video-preview":"max-video-preview:-1"},"canonical":"https:\/\/billyscrashhelmets.co.uk\/de\/erlebnis-benutzung-sportbikeshop\/","og_locale":"de_DE","og_type":"article","og_title":"Our experience of using SportsBikeShop - Billys Crash Helmets","og_description":"If we&#8217;re going to recommend a retailer, then we ought to be prepared to put our money where our mouth is, right? So we ordered one of our top-rated crash helmets, the HJC IS 17, from Sports Bike Shop without them knowing, so we can check how well they perform. We also wanted to test [&hellip;]","og_url":"https:\/\/billyscrashhelmets.co.uk\/de\/erlebnis-benutzung-sportbikeshop\/","og_site_name":"Billys Crash Helmets","article_publisher":"https:\/\/www.facebook.com\/pages\/Billys-Crash-Helmets\/252001191558014","article_modified_time":"2020-03-20T15:04:18+00:00","og_image":[{"url":"http:\/\/billyscrashhelmets.co.uk\/wp-content\/uploads\/2016\/05\/Sportsbikeshop-delivery-300x233.jpg","type":"","width":"","height":""}],"twitter_misc":{"Est. reading time":"3 minutes"},"schema":{"@context":"https:\/\/schema.org","@graph":[{"@type":"WebPage","@id":"https:\/\/billyscrashhelmets.co.uk\/experience-using-sportsbikeshop\/","url":"https:\/\/billyscrashhelmets.co.uk\/experience-using-sportsbikeshop\/","name":"Unsere Erfahrungen mit SportsBikeShop - Billys Crash Helmets","isPartOf":{"@id":"https:\/\/billyscrashhelmets.co.uk\/de\/#website"},"primaryImageOfPage":{"@id":"https:\/\/billyscrashhelmets.co.uk\/experience-using-sportsbikeshop\/#primaryimage"},"image":{"@id":"https:\/\/billyscrashhelmets.co.uk\/experience-using-sportsbikeshop\/#primaryimage"},"thumbnailUrl":"http:\/\/billyscrashhelmets.co.uk\/wp-content\/uploads\/2016\/05\/Sportsbikeshop-delivery-300x233.jpg","datePublished":"2016-05-19T16:15:28+00:00","dateModified":"2020-03-20T15:04:18+00:00","breadcrumb":{"@id":"https:\/\/billyscrashhelmets.co.uk\/experience-using-sportsbikeshop\/#breadcrumb"},"inLanguage":"de-DE","potentialAction":[{"@type":"ReadAction","target":["https:\/\/billyscrashhelmets.co.uk\/experience-using-sportsbikeshop\/"]}]},{"@type":"ImageObject","inLanguage":"de-DE","@id":"https:\/\/billyscrashhelmets.co.uk\/experience-using-sportsbikeshop\/#primaryimage","url":"http:\/\/billyscrashhelmets.co.uk\/wp-content\/uploads\/2016\/05\/Sportsbikeshop-delivery-300x233.jpg","contentUrl":"http:\/\/billyscrashhelmets.co.uk\/wp-content\/uploads\/2016\/05\/Sportsbikeshop-delivery-300x233.jpg"},{"@type":"BreadcrumbList","@id":"https:\/\/billyscrashhelmets.co.uk\/experience-using-sportsbikeshop\/#breadcrumb","itemListElement":[{"@type":"ListItem","position":1,"name":"Homepage","item":"https:\/\/billyscrashhelmets.co.uk\/de\/"},{"@type":"ListItem","position":2,"name":"Our experience of using SportsBikeShop"}]},{"@type":"WebSite","@id":"https:\/\/billyscrashhelmets.co.uk\/de\/#website","url":"https:\/\/billyscrashhelmets.co.uk\/de\/","name":"Billys Sturzhelme","description":"Der beste Ort, um Ihren n\u00e4chsten Sturzhelm zu finden","potentialAction":[{"@type":"SearchAction","target":{"@type":"EntryPoint","urlTemplate":"https:\/\/billyscrashhelmets.co.uk\/de\/?s={search_term_string}"},"query-input":{"@type":"PropertyValueSpecification","valueRequired":true,"valueName":"search_term_string"}}],"inLanguage":"de-DE"}]}},"_links":{"self":[{"href":"https:\/\/billyscrashhelmets.co.uk\/de\/wp-json\/wp\/v2\/pages\/6515","targetHints":{"allow":["GET"]}}],"collection":[{"href":"https:\/\/billyscrashhelmets.co.uk\/de\/wp-json\/wp\/v2\/pages"}],"about":[{"href":"https:\/\/billyscrashhelmets.co.uk\/de\/wp-json\/wp\/v2\/types\/page"}],"author":[{"embeddable":true,"href":"https:\/\/billyscrashhelmets.co.uk\/de\/wp-json\/wp\/v2\/users\/5"}],"replies":[{"embeddable":true,"href":"https:\/\/billyscrashhelmets.co.uk\/de\/wp-json\/wp\/v2\/comments?post=6515"}],"version-history":[{"count":0,"href":"https:\/\/billyscrashhelmets.co.uk\/de\/wp-json\/wp\/v2\/pages\/6515\/revisions"}],"wp:attachment":[{"href":"https:\/\/billyscrashhelmets.co.uk\/de\/wp-json\/wp\/v2\/media?parent=6515"}],"curies":[{"name":"wp","href":"https:\/\/api.w.org\/{rel}","templated":true}]}}