{"id":6985,"date":"2016-07-28T15:55:47","date_gmt":"2016-07-28T15:55:47","guid":{"rendered":"http:\/\/billyscrashhelmets.co.uk\/ukstaging\/?page_id=6985"},"modified":"2016-12-27T11:27:08","modified_gmt":"2016-12-27T11:27:08","slug":"bestellen-bei-getgeared","status":"publish","type":"page","link":"https:\/\/billyscrashhelmets.co.uk\/de\/ordering-from-getgeared\/","title":{"rendered":"Bestellen bei GetGeared"},"content":{"rendered":"<p><strong>Wir \u00fcberpr\u00fcfen nicht nur, wie gut ein Einzelh\u00e4ndler ist, indem wir auf verschiedenen Online-Bewertungsportalen nachschauen, sondern wir testen auch gerne, wie gut er ist, indem wir selbst bestellen.<\/strong><\/p>\n<p><strong>Bei GetGeared haben wir lediglich einen Pinlock-Beschlagschutzeinsatz bestellt.<\/strong><\/p>\n<p>Get Geared's Website ist nicht die einfachste zu navigieren und manchmal die product Daten verlassen ein bisschen zu w\u00fcnschen \u00fcbrig. Ich entschied mich f\u00fcr ein klares Pinlock f\u00fcr mein Caberg Duke, das \u00fcber dem Preis von \u00a325 f\u00fcr die kostenlose Lieferung lag. Online zeigte mir die Seite zwei Preise an, einer ein Pfund billiger als der andere, was ein bisschen seltsam war!<\/p>\n<p>Ich f\u00fcgte das Pinlock meinem Warenkorb hinzu, und tats\u00e4chlich wurde der Preis als 33,99 \u00a3 (der h\u00f6here Preis) angezeigt, und ich hatte die M\u00f6glichkeit, per Kreditkarte oder Paypal zu bezahlen. Ich entschied mich f\u00fcr Kreditkarte - dann wurde ich zu einem Bildschirm weitergeleitet, auf dem ich mich auf der Website registrieren oder meine Bestellung als Gast ohne Registrierung fortsetzen konnte - ich entschied mich f\u00fcr die Registrierung.<\/p>\n<p>Es war ein ziemlich unkomplizierter process. Ich hatte dann die M\u00f6glichkeit der kostenlosen Lieferung mit Royal Mail Tracked Economy oder viele andere schnellere Lieferoptionen zu einem Preis. Nat\u00fcrlich habe ich die kostenlose Lieferung gew\u00e4hlt.<\/p>\n<p>Wenn Sie Ausr\u00fcstung f\u00fcr weniger als 25 \u20ac bestellen und sich f\u00fcr eine Bestellung per PayPal entscheiden, werden Sie aufgefordert, sich bei PayPal anzumelden, bevor Sie die Versandart ausw\u00e4hlen (und dann die Kosten zum Gesamtbetrag hinzuf\u00fcgen), was ein bisschen \u00e4rgerlich ist, weil ich dachte, dass ich eine kostenlose Lieferung erhalte - das ist nicht der Fall!<\/p>\n<p>F\u00fcr meine Helmbestellung habe ich dann per Kreditkarte bezahlt und die Bestellung wurde aufgegeben <strong>Freitag, 22. Juli um 11.40 Uhr.<\/strong><\/p>\n<p>Sobald die Bestellung aufgegeben war, konnte ich auf der Website auf \"Mein Konto\" klicken, um meine Bestellung zu verfolgen, was gut war.<\/p>\n<p>Ich erhielt eine Bestellbest\u00e4tigung per E-Mail - und dann eine seltsame, die besagte, dass ein Teil meiner Bestellung nicht auf Lager sei, obwohl ich nur einen Artikel bestellt hatte! Allerdings gab es die Option, einen Teil der Bestellung zu verschicken, also habe ich darauf geklickt, und sie haben best\u00e4tigt, dass sie das, was sie auf Lager hatten, verschicken w\u00fcrden. Seltsam. Nochmals.<\/p>\n<p><strong>Freitag 16 Uhr.<\/strong> Ich habe eine zweite von zwei E-Mails mit der Frage \"Wie war Ihr Einkaufserlebnis?\" erhalten - und eine zweite, die besagt, dass meine Bestellung versandt wurde und in 48 Stunden eintreffen sollte. Ich sch\u00e4tze, das wird Montag sein, da heute Freitag ist.<\/p>\n<p>Ich habe dann versucht, \"Mein Konto\" auf der Website erneut aufzurufen, aber ein Klick darauf hat nichts bewirkt. Auch ein Klick auf \"Login\" und dann auf \"Mein Konto\" hat nichts bewirkt. Zum Gl\u00fcck gibt es einen Link zur Sendungsverfolgung in der E-Mail, die sie mir geschickt haben - aber leider sagte die Royal Mail-Website, dass sie die Referenz zur Sendungsverfolgung nicht anerkennen w\u00fcrde! Sendungsverfolgung fehlgeschlagen!!<\/p>\n<p>Als ich es tats\u00e4chlich geschafft habe, mich auf der GetGeared-Kontenseite einzuloggen (Gott wei\u00df wie!), stand dort allerdings, dass es verschickt worden sei.<\/p>\n<p>Ich habe am Sonntag um 10 Uhr noch einmal nachgesehen, und der Link zur Sendungsverfolgung auf der GetGeared-Kontoseite hat funktioniert, und die Sendungsverfolgung der Royal Mail zeigt an, dass sich die Sendung im Postzentrum in Leeds befindet - sie geht also in die richtige Richtung!<\/p>\n<p><strong>Montag, 25. Juli um 11.20 Uhr<\/strong> und die Pinlock wurde vom Postboten geliefert - die richtige Pinlock und alles war gut.<\/p>\n<p>Alles in allem waren die Bestellung und die Lieferung einwandfrei, und die Ware kam schnell und gut an. Nur der ganze andere Kram - die Sendungsverfolgung, die Kontoanmeldung, die Online-Preisgestaltung - war es nicht. Angesichts dessen werden wir sie weiterhin empfehlen - aber mit dem Hinweis, dass sie sich verbessern m\u00fcssen. Man munkelt, dass die Website bald aktualisiert werden soll, so dass sie dann hoffentlich ihre technischen problems in Ordnung bringen werden.<\/p>","protected":false},"excerpt":{"rendered":"<p>As well as checking out how well everyone says a retailer does by looking at a range of online review sites, we like to test out how well\u00a0they do by ordering ourselves. For GetGeared, it was just a Pinlock antifog insert we ordered. Get Geared&#8217;s website isn&#8217;t the easiest to navigate and sometimes the product [&hellip;]<\/p>\n","protected":false},"author":5,"featured_media":0,"parent":0,"menu_order":0,"comment_status":"closed","ping_status":"closed","template":"","meta":{"footnotes":""},"class_list":["post-6985","page","type-page","status-publish"],"yoast_head":"<!-- This site is optimized with the Yoast SEO plugin v27.5 - https:\/\/yoast.com\/product\/yoast-seo-wordpress\/ -->\n<title>Ordering from GetGeared - Billys Crash Helmets<\/title>\n<meta name=\"robots\" content=\"index, follow, max-snippet:-1, max-image-preview:large, max-video-preview:-1\" \/>\n<link rel=\"canonical\" href=\"https:\/\/billyscrashhelmets.co.uk\/de\/bestellen-bei-getgeared\/\" \/>\n<meta property=\"og:locale\" content=\"de_DE\" \/>\n<meta property=\"og:type\" content=\"article\" \/>\n<meta property=\"og:title\" content=\"Ordering from GetGeared - Billys Crash Helmets\" \/>\n<meta property=\"og:description\" content=\"As well as checking out how well everyone says a retailer does by looking at a range of online review sites, we like to test out how well\u00a0they do by ordering ourselves. For GetGeared, it was just a Pinlock antifog insert we ordered. Get Geared&#8217;s website isn&#8217;t the easiest to navigate and sometimes the product [&hellip;]\" \/>\n<meta property=\"og:url\" content=\"https:\/\/billyscrashhelmets.co.uk\/de\/bestellen-bei-getgeared\/\" \/>\n<meta property=\"og:site_name\" content=\"Billys Crash Helmets\" \/>\n<meta property=\"article:publisher\" content=\"https:\/\/www.facebook.com\/pages\/Billys-Crash-Helmets\/252001191558014\" \/>\n<meta property=\"article:modified_time\" content=\"2016-12-27T11:27:08+00:00\" \/>\n<meta name=\"twitter:label1\" content=\"Est. reading time\" \/>\n\t<meta name=\"twitter:data1\" content=\"3 minutes\" \/>\n<script type=\"application\/ld+json\" class=\"yoast-schema-graph\">{\"@context\":\"https:\\\/\\\/schema.org\",\"@graph\":[{\"@type\":\"WebPage\",\"@id\":\"https:\\\/\\\/billyscrashhelmets.co.uk\\\/ordering-from-getgeared\\\/\",\"url\":\"https:\\\/\\\/billyscrashhelmets.co.uk\\\/ordering-from-getgeared\\\/\",\"name\":\"Ordering from GetGeared - Billys Crash Helmets\",\"isPartOf\":{\"@id\":\"https:\\\/\\\/billyscrashhelmets.co.uk\\\/de\\\/#website\"},\"datePublished\":\"2016-07-28T15:55:47+00:00\",\"dateModified\":\"2016-12-27T11:27:08+00:00\",\"breadcrumb\":{\"@id\":\"https:\\\/\\\/billyscrashhelmets.co.uk\\\/ordering-from-getgeared\\\/#breadcrumb\"},\"inLanguage\":\"de-DE\",\"potentialAction\":[{\"@type\":\"ReadAction\",\"target\":[\"https:\\\/\\\/billyscrashhelmets.co.uk\\\/ordering-from-getgeared\\\/\"]}]},{\"@type\":\"BreadcrumbList\",\"@id\":\"https:\\\/\\\/billyscrashhelmets.co.uk\\\/ordering-from-getgeared\\\/#breadcrumb\",\"itemListElement\":[{\"@type\":\"ListItem\",\"position\":1,\"name\":\"Homepage\",\"item\":\"https:\\\/\\\/billyscrashhelmets.co.uk\\\/de\\\/\"},{\"@type\":\"ListItem\",\"position\":2,\"name\":\"Ordering from GetGeared\"}]},{\"@type\":\"WebSite\",\"@id\":\"https:\\\/\\\/billyscrashhelmets.co.uk\\\/de\\\/#website\",\"url\":\"https:\\\/\\\/billyscrashhelmets.co.uk\\\/de\\\/\",\"name\":\"Billys Crash Helmets\",\"description\":\"The best place to find your next crash helmet\",\"potentialAction\":[{\"@type\":\"SearchAction\",\"target\":{\"@type\":\"EntryPoint\",\"urlTemplate\":\"https:\\\/\\\/billyscrashhelmets.co.uk\\\/de\\\/?s={search_term_string}\"},\"query-input\":{\"@type\":\"PropertyValueSpecification\",\"valueRequired\":true,\"valueName\":\"search_term_string\"}}],\"inLanguage\":\"de-DE\"}]}<\/script>\n<!-- \/ Yoast SEO plugin. -->","yoast_head_json":{"title":"Bestellen bei GetGeared - Billys Sturzhelme","robots":{"index":"index","follow":"follow","max-snippet":"max-snippet:-1","max-image-preview":"max-image-preview:large","max-video-preview":"max-video-preview:-1"},"canonical":"https:\/\/billyscrashhelmets.co.uk\/de\/bestellen-bei-getgeared\/","og_locale":"de_DE","og_type":"article","og_title":"Ordering from GetGeared - Billys Crash Helmets","og_description":"As well as checking out how well everyone says a retailer does by looking at a range of online review sites, we like to test out how well\u00a0they do by ordering ourselves. For GetGeared, it was just a Pinlock antifog insert we ordered. Get Geared&#8217;s website isn&#8217;t the easiest to navigate and sometimes the product [&hellip;]","og_url":"https:\/\/billyscrashhelmets.co.uk\/de\/bestellen-bei-getgeared\/","og_site_name":"Billys Crash Helmets","article_publisher":"https:\/\/www.facebook.com\/pages\/Billys-Crash-Helmets\/252001191558014","article_modified_time":"2016-12-27T11:27:08+00:00","twitter_misc":{"Est. reading time":"3 minutes"},"schema":{"@context":"https:\/\/schema.org","@graph":[{"@type":"WebPage","@id":"https:\/\/billyscrashhelmets.co.uk\/ordering-from-getgeared\/","url":"https:\/\/billyscrashhelmets.co.uk\/ordering-from-getgeared\/","name":"Bestellen bei GetGeared - Billys Sturzhelme","isPartOf":{"@id":"https:\/\/billyscrashhelmets.co.uk\/de\/#website"},"datePublished":"2016-07-28T15:55:47+00:00","dateModified":"2016-12-27T11:27:08+00:00","breadcrumb":{"@id":"https:\/\/billyscrashhelmets.co.uk\/ordering-from-getgeared\/#breadcrumb"},"inLanguage":"de-DE","potentialAction":[{"@type":"ReadAction","target":["https:\/\/billyscrashhelmets.co.uk\/ordering-from-getgeared\/"]}]},{"@type":"BreadcrumbList","@id":"https:\/\/billyscrashhelmets.co.uk\/ordering-from-getgeared\/#breadcrumb","itemListElement":[{"@type":"ListItem","position":1,"name":"Homepage","item":"https:\/\/billyscrashhelmets.co.uk\/de\/"},{"@type":"ListItem","position":2,"name":"Ordering from GetGeared"}]},{"@type":"WebSite","@id":"https:\/\/billyscrashhelmets.co.uk\/de\/#website","url":"https:\/\/billyscrashhelmets.co.uk\/de\/","name":"Billys Sturzhelme","description":"Der beste Ort, um Ihren n\u00e4chsten Sturzhelm zu finden","potentialAction":[{"@type":"SearchAction","target":{"@type":"EntryPoint","urlTemplate":"https:\/\/billyscrashhelmets.co.uk\/de\/?s={search_term_string}"},"query-input":{"@type":"PropertyValueSpecification","valueRequired":true,"valueName":"search_term_string"}}],"inLanguage":"de-DE"}]}},"_links":{"self":[{"href":"https:\/\/billyscrashhelmets.co.uk\/de\/wp-json\/wp\/v2\/pages\/6985","targetHints":{"allow":["GET"]}}],"collection":[{"href":"https:\/\/billyscrashhelmets.co.uk\/de\/wp-json\/wp\/v2\/pages"}],"about":[{"href":"https:\/\/billyscrashhelmets.co.uk\/de\/wp-json\/wp\/v2\/types\/page"}],"author":[{"embeddable":true,"href":"https:\/\/billyscrashhelmets.co.uk\/de\/wp-json\/wp\/v2\/users\/5"}],"replies":[{"embeddable":true,"href":"https:\/\/billyscrashhelmets.co.uk\/de\/wp-json\/wp\/v2\/comments?post=6985"}],"version-history":[{"count":0,"href":"https:\/\/billyscrashhelmets.co.uk\/de\/wp-json\/wp\/v2\/pages\/6985\/revisions"}],"wp:attachment":[{"href":"https:\/\/billyscrashhelmets.co.uk\/de\/wp-json\/wp\/v2\/media?parent=6985"}],"curies":[{"name":"wp","href":"https:\/\/api.w.org\/{rel}","templated":true}]}}