{"id":6515,"date":"2016-05-19T16:15:28","date_gmt":"2016-05-19T16:15:28","guid":{"rendered":"http:\/\/billyscrashhelmets.co.uk\/ukstaging\/?page_id=6515"},"modified":"2020-03-20T15:04:18","modified_gmt":"2020-03-20T15:04:18","slug":"experience-using-sportsbikeshop","status":"publish","type":"page","link":"https:\/\/billyscrashhelmets.co.uk\/es\/experience-using-sportsbikeshop\/","title":{"rendered":"Nuestra experiencia con SportsBikeShop"},"content":{"rendered":"<p><strong>Si vamos a recomendar a un minorista, debemos estar dispuestos a poner nuestro dinero donde est\u00e1 nuestra boca, \u00bfverdad?<\/strong><\/p>\n<p>As\u00ed que pedimos uno de nuestros cascos mejor valorados, el HJC IS 17, a Sports Bike Shop sin que ellos lo supieran, para poder comprobar su rendimiento.<\/p>\n<p>Tambi\u00e9n quer\u00edamos poner a prueba su procedimiento de prode devoluciones para asegurarnos de que est\u00e1n tan contentos de solucionar problemas como de aceptar nuestro dinero duramente ganado. As\u00ed que pedimos una talla m\u00e1s grande (XL) sabiendo que tendr\u00edamos que devolverla por una talla L.<\/p>\n<p><strong>Esto es lo que hemos encontrado:<\/strong><\/p>\n<p>&nbsp;<\/p>\n<p><strong>Casco comprado el 22 de abril<\/strong> - 13.05 h - Viernes anterior a un lunes festivo.<\/p>\n<p>Pedidos process f\u00e1ciles en l\u00ednea con seguimiento y gastos de env\u00edo gratuitos (\u00a1hurra!). Tama\u00f1o ordenado demasiado grande para probar devoluciones process.<\/p>\n<p>Inicialmente, la tarjeta fue rechazada (culpa m\u00eda, no se hab\u00eda utilizado en un tiempo por lo que el banco puso un bloqueo en \u00e9l). Sin embargo, recib\u00ed un correo electr\u00f3nico de SBS diciendo que la tarjeta hab\u00eda sido rechazada.<\/p>\n<p>Una vez desbloqueada la tarjeta de cr\u00e9dito, envi\u00e9 un correo electr\u00f3nico para decir que mi tarjeta ya estaba desbloqueada y r\u00e1pidamente me confirmaron que el pedido hab\u00eda sido aceptado y todo estaba bien.<\/p>\n<p>Antes de la entrega del pedido, recib\u00ed un correo electr\u00f3nico en el que se me indicaba una franja horaria de entrega que pod\u00eda modificar f\u00e1cilmente en l\u00ednea.<\/p>\n<p>Casco fue ordenado viernes por la tarde, habr\u00eda llegado <strong>Martes 26 de abril<\/strong> (de nuevo, el lunes era festivo), as\u00ed que en realidad se entreg\u00f3 el mi\u00e9rcoles 27 de abril.<\/p>\n<figure id=\"attachment_6518\" aria-describedby=\"caption-attachment-6518\" style=\"width: 300px\" class=\"wp-caption alignright\"><a href=\"http:\/\/billyscrashhelmets.co.uk\/wp-content\/uploads\/2016\/05\/Sportsbikeshop-delivery.jpg\"><img loading=\"lazy\" decoding=\"async\" class=\"size-medium wp-image-6518\" src=\"http:\/\/billyscrashhelmets.co.uk\/wp-content\/uploads\/2016\/05\/Sportsbikeshop-delivery-300x233.jpg\" alt=\"Sportsbikeshop-entrega\" width=\"300\" height=\"233\" srcset=\"https:\/\/billyscrashhelmets.co.uk\/wp-content\/uploads\/2016\/05\/Sportsbikeshop-delivery-300x233.jpg 300w, https:\/\/billyscrashhelmets.co.uk\/wp-content\/uploads\/2016\/05\/Sportsbikeshop-delivery-150x116.jpg 150w, https:\/\/billyscrashhelmets.co.uk\/wp-content\/uploads\/2016\/05\/Sportsbikeshop-delivery-180x140.jpg 180w, https:\/\/billyscrashhelmets.co.uk\/wp-content\/uploads\/2016\/05\/Sportsbikeshop-delivery.jpg 600w\" sizes=\"auto, (max-width: 300px) 100vw, 300px\" \/><\/a><figcaption id=\"caption-attachment-6518\" class=\"wp-caption-text\">Su entrega SBS Se\u00f1or...<\/figcaption><\/figure>\n<p>El casco parec\u00eda nuevo, sin marcas de dedos. La caja era resistente y estaba bien empaquetada, as\u00ed que todo estaba como deb\u00eda.<\/p>\n<p>Hab\u00eda elegido una talla demasiado grande para poder probar sus devoluciones process cuando la cambi\u00e9 por una talla m\u00e1s peque\u00f1a. Hab\u00eda instrucciones de devoluci\u00f3n dentro de la caja, as\u00ed que las segu\u00ed (es bueno ver que SBS es muy sincera al respecto).<\/p>\n<p>He visitado la p\u00e1gina de devoluciones del sitio web, he elegido un par de opciones y he hecho clic en el enlace para ver cu\u00e1l es el punto de entrega de mensajer\u00eda m\u00e1s cercano (o elegir tu propio servicio de mensajer\u00eda a tu cargo). Envi\u00e9 el formulario y la pantalla me dice que en breve me enviar\u00e1n por correo electr\u00f3nico un n\u00famero RMA y m\u00e1s instrucciones.<\/p>\n<p>Me enviaron un pdf que tuve que imprimir y pegar en la caja, utilizando la caja en la que ven\u00eda originalmente el casco, y que ten\u00eda que dejar en el punto de entrega de DPD m\u00e1s cercano (una tienda local a 5 minutos).<\/p>\n<p>En el sitio web de SBS, si miras el pedido, ahora tiene dos pedidos: el casco de sustituci\u00f3n aparece como pendiente, pero con el doble de coste. Esto es probbably para su propia contabilidad interna y no se tom\u00f3 ninguna cantidad extra.<\/p>\n<p><strong>28 de abril<\/strong>, entregado con DPD punto de entrega no problems.<\/p>\n<p><strong>2 de mayo<\/strong> - Recib\u00ed un correo electr\u00f3nico que dec\u00eda que se entregar\u00eda el mi\u00e9rcoles 4, pero que pod\u00eda reorganizarlo si era necesario a trav\u00e9s de los enlaces de su correo electr\u00f3nico. Se ha cambiado al d\u00eda siguiente.<\/p>\n<p>En su sitio web dec\u00edan que me enviar\u00edan un correo electr\u00f3nico ese mismo d\u00eda para indicarme la hora de entrega. Funcion\u00f3 bien. Tambi\u00e9n puedes hacer clic en el enlace \"Seguir mi paquete\" del correo electr\u00f3nico para seguir el paquete a trav\u00e9s de un mapa de Google y ver el plazo de entrega de 15 minutos.<\/p>\n<p>Tambi\u00e9n puedes pedir que te lo entreguen en casa de un vecino, en un lugar seguro o recogerlo en su tienda. Incre\u00edble.<\/p>\n<p>Casco de repuesto entregado a tiempo <strong>Jueves 5 de mayo<\/strong> - 12h00<\/p>\n<p>&nbsp;<\/p>\n<p><strong>En general<\/strong><\/p>\n<p>Muy impresionado con el servicio, muy r\u00e1pido y buena comunicaci\u00f3n por correo electr\u00f3nico. Tambi\u00e9n es genial que el cambio del casco no supusiera ning\u00fan coste adicional, ni la devoluci\u00f3n del casco ni el reenv\u00edo del mismo. Muy recomendable. Haga clic aqu\u00ed para <a href=\"https:\/\/www.sportsbikeshop.co.uk\/motorcycle_parts\/content_cat\/1\/#\/470,2025,0\">visite Sportsbikeshop usted mismo<\/a>.<\/p>","protected":false},"excerpt":{"rendered":"<p>If we&#8217;re going to recommend a retailer, then we ought to be prepared to put our money where our mouth is, right? So we ordered one of our top-rated crash helmets, the HJC IS 17, from Sports Bike Shop without them knowing, so we can check how well they perform. We also wanted to test [&hellip;]<\/p>\n","protected":false},"author":5,"featured_media":0,"parent":0,"menu_order":0,"comment_status":"closed","ping_status":"closed","template":"","meta":{"footnotes":""},"class_list":["post-6515","page","type-page","status-publish"],"yoast_head":"<!-- This site is optimized with the Yoast SEO plugin v27.5 - https:\/\/yoast.com\/product\/yoast-seo-wordpress\/ -->\n<title>Our experience of using SportsBikeShop - Billys Crash Helmets<\/title>\n<meta name=\"robots\" content=\"index, follow, max-snippet:-1, max-image-preview:large, max-video-preview:-1\" \/>\n<link rel=\"canonical\" href=\"https:\/\/billyscrashhelmets.co.uk\/es\/experience-using-sportsbikeshop\/\" \/>\n<meta property=\"og:locale\" content=\"es_ES\" \/>\n<meta property=\"og:type\" content=\"article\" \/>\n<meta property=\"og:title\" content=\"Our experience of using SportsBikeShop - Billys Crash Helmets\" \/>\n<meta property=\"og:description\" content=\"If we&#8217;re going to recommend a retailer, then we ought to be prepared to put our money where our mouth is, right? So we ordered one of our top-rated crash helmets, the HJC IS 17, from Sports Bike Shop without them knowing, so we can check how well they perform. We also wanted to test [&hellip;]\" \/>\n<meta property=\"og:url\" content=\"https:\/\/billyscrashhelmets.co.uk\/es\/experience-using-sportsbikeshop\/\" \/>\n<meta property=\"og:site_name\" content=\"Billys Crash Helmets\" \/>\n<meta property=\"article:publisher\" content=\"https:\/\/www.facebook.com\/pages\/Billys-Crash-Helmets\/252001191558014\" \/>\n<meta property=\"article:modified_time\" content=\"2020-03-20T15:04:18+00:00\" \/>\n<meta property=\"og:image\" content=\"http:\/\/billyscrashhelmets.co.uk\/wp-content\/uploads\/2016\/05\/Sportsbikeshop-delivery-300x233.jpg\" \/>\n<meta name=\"twitter:label1\" content=\"Est. reading time\" \/>\n\t<meta name=\"twitter:data1\" content=\"3 minutes\" \/>\n<script type=\"application\/ld+json\" class=\"yoast-schema-graph\">{\"@context\":\"https:\\\/\\\/schema.org\",\"@graph\":[{\"@type\":\"WebPage\",\"@id\":\"https:\\\/\\\/billyscrashhelmets.co.uk\\\/experience-using-sportsbikeshop\\\/\",\"url\":\"https:\\\/\\\/billyscrashhelmets.co.uk\\\/experience-using-sportsbikeshop\\\/\",\"name\":\"Our experience of using SportsBikeShop - Billys Crash Helmets\",\"isPartOf\":{\"@id\":\"https:\\\/\\\/billyscrashhelmets.co.uk\\\/de\\\/#website\"},\"primaryImageOfPage\":{\"@id\":\"https:\\\/\\\/billyscrashhelmets.co.uk\\\/experience-using-sportsbikeshop\\\/#primaryimage\"},\"image\":{\"@id\":\"https:\\\/\\\/billyscrashhelmets.co.uk\\\/experience-using-sportsbikeshop\\\/#primaryimage\"},\"thumbnailUrl\":\"http:\\\/\\\/billyscrashhelmets.co.uk\\\/wp-content\\\/uploads\\\/2016\\\/05\\\/Sportsbikeshop-delivery-300x233.jpg\",\"datePublished\":\"2016-05-19T16:15:28+00:00\",\"dateModified\":\"2020-03-20T15:04:18+00:00\",\"breadcrumb\":{\"@id\":\"https:\\\/\\\/billyscrashhelmets.co.uk\\\/experience-using-sportsbikeshop\\\/#breadcrumb\"},\"inLanguage\":\"es-ES\",\"potentialAction\":[{\"@type\":\"ReadAction\",\"target\":[\"https:\\\/\\\/billyscrashhelmets.co.uk\\\/experience-using-sportsbikeshop\\\/\"]}]},{\"@type\":\"ImageObject\",\"inLanguage\":\"es-ES\",\"@id\":\"https:\\\/\\\/billyscrashhelmets.co.uk\\\/experience-using-sportsbikeshop\\\/#primaryimage\",\"url\":\"http:\\\/\\\/billyscrashhelmets.co.uk\\\/wp-content\\\/uploads\\\/2016\\\/05\\\/Sportsbikeshop-delivery-300x233.jpg\",\"contentUrl\":\"http:\\\/\\\/billyscrashhelmets.co.uk\\\/wp-content\\\/uploads\\\/2016\\\/05\\\/Sportsbikeshop-delivery-300x233.jpg\"},{\"@type\":\"BreadcrumbList\",\"@id\":\"https:\\\/\\\/billyscrashhelmets.co.uk\\\/experience-using-sportsbikeshop\\\/#breadcrumb\",\"itemListElement\":[{\"@type\":\"ListItem\",\"position\":1,\"name\":\"Homepage\",\"item\":\"https:\\\/\\\/billyscrashhelmets.co.uk\\\/de\\\/\"},{\"@type\":\"ListItem\",\"position\":2,\"name\":\"Our experience of using SportsBikeShop\"}]},{\"@type\":\"WebSite\",\"@id\":\"https:\\\/\\\/billyscrashhelmets.co.uk\\\/de\\\/#website\",\"url\":\"https:\\\/\\\/billyscrashhelmets.co.uk\\\/de\\\/\",\"name\":\"Billys Crash Helmets\",\"description\":\"The best place to find your next crash helmet\",\"potentialAction\":[{\"@type\":\"SearchAction\",\"target\":{\"@type\":\"EntryPoint\",\"urlTemplate\":\"https:\\\/\\\/billyscrashhelmets.co.uk\\\/de\\\/?s={search_term_string}\"},\"query-input\":{\"@type\":\"PropertyValueSpecification\",\"valueRequired\":true,\"valueName\":\"search_term_string\"}}],\"inLanguage\":\"es-ES\"}]}<\/script>\n<!-- \/ Yoast SEO plugin. -->","yoast_head_json":{"title":"Nuestra experiencia de uso de SportsBikeShop - Billys Crash Helmets","robots":{"index":"index","follow":"follow","max-snippet":"max-snippet:-1","max-image-preview":"max-image-preview:large","max-video-preview":"max-video-preview:-1"},"canonical":"https:\/\/billyscrashhelmets.co.uk\/es\/experience-using-sportsbikeshop\/","og_locale":"es_ES","og_type":"article","og_title":"Our experience of using SportsBikeShop - Billys Crash Helmets","og_description":"If we&#8217;re going to recommend a retailer, then we ought to be prepared to put our money where our mouth is, right? So we ordered one of our top-rated crash helmets, the HJC IS 17, from Sports Bike Shop without them knowing, so we can check how well they perform. We also wanted to test [&hellip;]","og_url":"https:\/\/billyscrashhelmets.co.uk\/es\/experience-using-sportsbikeshop\/","og_site_name":"Billys Crash Helmets","article_publisher":"https:\/\/www.facebook.com\/pages\/Billys-Crash-Helmets\/252001191558014","article_modified_time":"2020-03-20T15:04:18+00:00","og_image":[{"url":"http:\/\/billyscrashhelmets.co.uk\/wp-content\/uploads\/2016\/05\/Sportsbikeshop-delivery-300x233.jpg","type":"","width":"","height":""}],"twitter_misc":{"Est. reading time":"3 minutes"},"schema":{"@context":"https:\/\/schema.org","@graph":[{"@type":"WebPage","@id":"https:\/\/billyscrashhelmets.co.uk\/experience-using-sportsbikeshop\/","url":"https:\/\/billyscrashhelmets.co.uk\/experience-using-sportsbikeshop\/","name":"Nuestra experiencia de uso de SportsBikeShop - Billys Crash Helmets","isPartOf":{"@id":"https:\/\/billyscrashhelmets.co.uk\/de\/#website"},"primaryImageOfPage":{"@id":"https:\/\/billyscrashhelmets.co.uk\/experience-using-sportsbikeshop\/#primaryimage"},"image":{"@id":"https:\/\/billyscrashhelmets.co.uk\/experience-using-sportsbikeshop\/#primaryimage"},"thumbnailUrl":"http:\/\/billyscrashhelmets.co.uk\/wp-content\/uploads\/2016\/05\/Sportsbikeshop-delivery-300x233.jpg","datePublished":"2016-05-19T16:15:28+00:00","dateModified":"2020-03-20T15:04:18+00:00","breadcrumb":{"@id":"https:\/\/billyscrashhelmets.co.uk\/experience-using-sportsbikeshop\/#breadcrumb"},"inLanguage":"es-ES","potentialAction":[{"@type":"ReadAction","target":["https:\/\/billyscrashhelmets.co.uk\/experience-using-sportsbikeshop\/"]}]},{"@type":"ImageObject","inLanguage":"es-ES","@id":"https:\/\/billyscrashhelmets.co.uk\/experience-using-sportsbikeshop\/#primaryimage","url":"http:\/\/billyscrashhelmets.co.uk\/wp-content\/uploads\/2016\/05\/Sportsbikeshop-delivery-300x233.jpg","contentUrl":"http:\/\/billyscrashhelmets.co.uk\/wp-content\/uploads\/2016\/05\/Sportsbikeshop-delivery-300x233.jpg"},{"@type":"BreadcrumbList","@id":"https:\/\/billyscrashhelmets.co.uk\/experience-using-sportsbikeshop\/#breadcrumb","itemListElement":[{"@type":"ListItem","position":1,"name":"Homepage","item":"https:\/\/billyscrashhelmets.co.uk\/de\/"},{"@type":"ListItem","position":2,"name":"Our experience of using SportsBikeShop"}]},{"@type":"WebSite","@id":"https:\/\/billyscrashhelmets.co.uk\/de\/#website","url":"https:\/\/billyscrashhelmets.co.uk\/de\/","name":"Cascos Billys","description":"El mejor lugar para encontrar su pr\u00f3ximo casco protector","potentialAction":[{"@type":"SearchAction","target":{"@type":"EntryPoint","urlTemplate":"https:\/\/billyscrashhelmets.co.uk\/de\/?s={search_term_string}"},"query-input":{"@type":"PropertyValueSpecification","valueRequired":true,"valueName":"search_term_string"}}],"inLanguage":"es-ES"}]}},"_links":{"self":[{"href":"https:\/\/billyscrashhelmets.co.uk\/es\/wp-json\/wp\/v2\/pages\/6515","targetHints":{"allow":["GET"]}}],"collection":[{"href":"https:\/\/billyscrashhelmets.co.uk\/es\/wp-json\/wp\/v2\/pages"}],"about":[{"href":"https:\/\/billyscrashhelmets.co.uk\/es\/wp-json\/wp\/v2\/types\/page"}],"author":[{"embeddable":true,"href":"https:\/\/billyscrashhelmets.co.uk\/es\/wp-json\/wp\/v2\/users\/5"}],"replies":[{"embeddable":true,"href":"https:\/\/billyscrashhelmets.co.uk\/es\/wp-json\/wp\/v2\/comments?post=6515"}],"version-history":[{"count":0,"href":"https:\/\/billyscrashhelmets.co.uk\/es\/wp-json\/wp\/v2\/pages\/6515\/revisions"}],"wp:attachment":[{"href":"https:\/\/billyscrashhelmets.co.uk\/es\/wp-json\/wp\/v2\/media?parent=6515"}],"curies":[{"name":"wp","href":"https:\/\/api.w.org\/{rel}","templated":true}]}}