{"id":6985,"date":"2016-07-28T15:55:47","date_gmt":"2016-07-28T15:55:47","guid":{"rendered":"http:\/\/billyscrashhelmets.co.uk\/ukstaging\/?page_id=6985"},"modified":"2016-12-27T11:27:08","modified_gmt":"2016-12-27T11:27:08","slug":"pedidos-a-getgeared","status":"publish","type":"page","link":"https:\/\/billyscrashhelmets.co.uk\/es\/ordering-from-getgeared\/","title":{"rendered":"Pedidos a GetGeared"},"content":{"rendered":"<p><strong>Adem\u00e1s de comprobar lo bien que todo el mundo dice que lo hace un minorista consultando una serie de sitios de rese\u00f1as en l\u00ednea, nos gusta comprobarlo nosotros mismos haciendo un pedido.<\/strong><\/p>\n<p><strong>En el caso de GetGeared, s\u00f3lo pedimos un inserto antivaho Pinlock.<\/strong><\/p>\n<p>El sitio web de Get Geared no es el m\u00e1s f\u00e1cil de navegar y, a veces, los datos product deja un poco que desear. Eleg\u00ed un Pinlock transparente para mi Caberg Duke que superaba su precio de 25 libras con env\u00edo gratuito. \u00a1En l\u00ednea, la p\u00e1gina me dio dos precios, uno una libra m\u00e1s barato que el otro, que era un poco raro!<\/p>\n<p>A\u00f1ad\u00ed el Pinlock a mi cesta y, efectivamente, el precio era de 33,99 \u00a3 (el precio m\u00e1s alto) y me dio la opci\u00f3n de pagar con tarjeta de cr\u00e9dito o Paypal. Eleg\u00ed la tarjeta de cr\u00e9dito - entonces me llev\u00f3 a una pantalla donde pod\u00eda registrarme en el sitio o continuar con mi pedido como invitado sin registrarme - eleg\u00ed registrarme.<\/p>\n<p>Fue un process bastante sencillo. A continuaci\u00f3n, me dieron la opci\u00f3n de entrega gratuita con Royal Mail Tracked Economy o un mont\u00f3n de otras opciones de entrega m\u00e1s r\u00e1pida a un costo. Obviamente, eleg\u00ed la entrega gratuita.<\/p>\n<p>Si haces un pedido de art\u00edculos de menos de 25 euros y eliges PayPal, te pedir\u00e1 que inicies sesi\u00f3n en PayPal antes de pedirte que selecciones el m\u00e9todo de env\u00edo (y luego a\u00f1adir el coste al total), lo cual es un poco molesto porque yo pensaba que me estaba ofreciendo env\u00edo gratuito, \u00a1pero no es as\u00ed!<\/p>\n<p>Para mi pedido de cascos, pagu\u00e9 con tarjeta de cr\u00e9dito y se realiz\u00f3 el pedido. <strong>Viernes 22 de julio a las 11.40 h.<\/strong><\/p>\n<p>Una vez realizado el pedido, pude hacer clic en \"mi cuenta\" en el sitio web para hacer un seguimiento de mi pedido, lo cual estuvo bien.<\/p>\n<p>Recib\u00ed correos electr\u00f3nicos de confirmaci\u00f3n del pedido y luego uno extra\u00f1o en el que me dec\u00edan que parte de mi pedido estaba agotado, \u00a1aunque s\u00f3lo hab\u00eda pedido un art\u00edculo! Dicho esto, hab\u00eda una opci\u00f3n para enviar parte del pedido, as\u00ed que hice clic en ella y me confirmaron que enviar\u00edan lo que ten\u00edan en stock. Qu\u00e9 raro. Una vez m\u00e1s.<\/p>\n<p><strong>Viernes, 16.00 horas.<\/strong> Recib\u00ed el segundo de los dos correos electr\u00f3nicos de \"qu\u00e9 tal su experiencia de compra\" y el segundo diciendo que mi pedido se hab\u00eda enviado y que llegar\u00eda en 48 horas. Supongo que ser\u00e1 el lunes, ya que hoy es viernes.<\/p>\n<p>Intent\u00e9 ver \"mi cuenta\" de nuevo en su sitio web, pero al hacer clic en \u00e9l no hice nada. Incluso al hacer clic en \"iniciar sesi\u00f3n\" y luego en mi cuenta no hice nada. Por suerte, hay un enlace de \"seguimiento\" en el correo electr\u00f3nico de env\u00edo que enviaron, pero, por desgracia, el sitio web de Royal Mail dice que no reconoce la referencia de seguimiento. \u00a1Falla el seguimiento!<\/p>\n<p>Sin embargo, cuando consegu\u00ed acceder a la p\u00e1gina de cuentas de GetGeared (\u00a1a saber c\u00f3mo!), dec\u00eda que hab\u00eda sido enviado.<\/p>\n<p>Volv\u00ed a comprobarlo el domingo a las 10 de la ma\u00f1ana y el enlace de seguimiento de la p\u00e1gina de cuentas de GetGeared funcionaba y el rastreador de Royal Mail dec\u00eda que estaba en el centro de correo de Leeds, as\u00ed que va en la direcci\u00f3n correcta.<\/p>\n<p><strong>Lunes 25 de julio a las 11.20 h<\/strong> y el Pinlock fue entregado por el cartero - correcto Pinlock y todo estaba bien.<\/p>\n<p>En general, el pedido y la entrega fueron perfectos y lleg\u00f3 bien y r\u00e1pido. S\u00f3lo que todo lo dem\u00e1s -el seguimiento, el inicio de sesi\u00f3n en la cuenta, los precios en l\u00ednea- no lo fue. En vista de ello, seguiremos recomend\u00e1ndolos, pero con comentarios sobre c\u00f3mo deben mejorar. Se dice que su sitio web va a actualizarse pronto, as\u00ed que esperemos que entonces solucionen sus problemas t\u00e9cnicos.<\/p>","protected":false},"excerpt":{"rendered":"<p>As well as checking out how well everyone says a retailer does by looking at a range of online review sites, we like to test out how well\u00a0they do by ordering ourselves. For GetGeared, it was just a Pinlock antifog insert we ordered. Get Geared&#8217;s website isn&#8217;t the easiest to navigate and sometimes the product [&hellip;]<\/p>\n","protected":false},"author":5,"featured_media":0,"parent":0,"menu_order":0,"comment_status":"closed","ping_status":"closed","template":"","meta":{"footnotes":""},"class_list":["post-6985","page","type-page","status-publish"],"yoast_head":"<!-- This site is optimized with the Yoast SEO plugin v27.4 - https:\/\/yoast.com\/product\/yoast-seo-wordpress\/ -->\n<title>Ordering from GetGeared - Billys Crash Helmets<\/title>\n<meta name=\"robots\" content=\"index, follow, max-snippet:-1, max-image-preview:large, max-video-preview:-1\" \/>\n<link rel=\"canonical\" href=\"https:\/\/billyscrashhelmets.co.uk\/es\/pedidos-a-getgeared\/\" \/>\n<meta property=\"og:locale\" content=\"es_ES\" \/>\n<meta property=\"og:type\" content=\"article\" \/>\n<meta property=\"og:title\" content=\"Ordering from GetGeared - Billys Crash Helmets\" \/>\n<meta property=\"og:description\" content=\"As well as checking out how well everyone says a retailer does by looking at a range of online review sites, we like to test out how well\u00a0they do by ordering ourselves. For GetGeared, it was just a Pinlock antifog insert we ordered. Get Geared&#8217;s website isn&#8217;t the easiest to navigate and sometimes the product [&hellip;]\" \/>\n<meta property=\"og:url\" content=\"https:\/\/billyscrashhelmets.co.uk\/es\/pedidos-a-getgeared\/\" \/>\n<meta property=\"og:site_name\" content=\"Billys Crash Helmets\" \/>\n<meta property=\"article:publisher\" content=\"https:\/\/www.facebook.com\/pages\/Billys-Crash-Helmets\/252001191558014\" \/>\n<meta property=\"article:modified_time\" content=\"2016-12-27T11:27:08+00:00\" \/>\n<meta name=\"twitter:label1\" content=\"Est. reading time\" \/>\n\t<meta name=\"twitter:data1\" content=\"3 minutes\" \/>\n<script type=\"application\/ld+json\" class=\"yoast-schema-graph\">{\"@context\":\"https:\\\/\\\/schema.org\",\"@graph\":[{\"@type\":\"WebPage\",\"@id\":\"https:\\\/\\\/billyscrashhelmets.co.uk\\\/ordering-from-getgeared\\\/\",\"url\":\"https:\\\/\\\/billyscrashhelmets.co.uk\\\/ordering-from-getgeared\\\/\",\"name\":\"Ordering from GetGeared - Billys Crash Helmets\",\"isPartOf\":{\"@id\":\"https:\\\/\\\/billyscrashhelmets.co.uk\\\/de\\\/#website\"},\"datePublished\":\"2016-07-28T15:55:47+00:00\",\"dateModified\":\"2016-12-27T11:27:08+00:00\",\"breadcrumb\":{\"@id\":\"https:\\\/\\\/billyscrashhelmets.co.uk\\\/ordering-from-getgeared\\\/#breadcrumb\"},\"inLanguage\":\"es-ES\",\"potentialAction\":[{\"@type\":\"ReadAction\",\"target\":[\"https:\\\/\\\/billyscrashhelmets.co.uk\\\/ordering-from-getgeared\\\/\"]}]},{\"@type\":\"BreadcrumbList\",\"@id\":\"https:\\\/\\\/billyscrashhelmets.co.uk\\\/ordering-from-getgeared\\\/#breadcrumb\",\"itemListElement\":[{\"@type\":\"ListItem\",\"position\":1,\"name\":\"Homepage\",\"item\":\"https:\\\/\\\/billyscrashhelmets.co.uk\\\/de\\\/\"},{\"@type\":\"ListItem\",\"position\":2,\"name\":\"Ordering from GetGeared\"}]},{\"@type\":\"WebSite\",\"@id\":\"https:\\\/\\\/billyscrashhelmets.co.uk\\\/de\\\/#website\",\"url\":\"https:\\\/\\\/billyscrashhelmets.co.uk\\\/de\\\/\",\"name\":\"Billys Crash Helmets\",\"description\":\"The best place to find your next crash helmet\",\"potentialAction\":[{\"@type\":\"SearchAction\",\"target\":{\"@type\":\"EntryPoint\",\"urlTemplate\":\"https:\\\/\\\/billyscrashhelmets.co.uk\\\/de\\\/?s={search_term_string}\"},\"query-input\":{\"@type\":\"PropertyValueSpecification\",\"valueRequired\":true,\"valueName\":\"search_term_string\"}}],\"inLanguage\":\"es-ES\"}]}<\/script>\n<!-- \/ Yoast SEO plugin. -->","yoast_head_json":{"title":"Pedidos a GetGeared - Billys Crash Helmets","robots":{"index":"index","follow":"follow","max-snippet":"max-snippet:-1","max-image-preview":"max-image-preview:large","max-video-preview":"max-video-preview:-1"},"canonical":"https:\/\/billyscrashhelmets.co.uk\/es\/pedidos-a-getgeared\/","og_locale":"es_ES","og_type":"article","og_title":"Ordering from GetGeared - Billys Crash Helmets","og_description":"As well as checking out how well everyone says a retailer does by looking at a range of online review sites, we like to test out how well\u00a0they do by ordering ourselves. For GetGeared, it was just a Pinlock antifog insert we ordered. Get Geared&#8217;s website isn&#8217;t the easiest to navigate and sometimes the product [&hellip;]","og_url":"https:\/\/billyscrashhelmets.co.uk\/es\/pedidos-a-getgeared\/","og_site_name":"Billys Crash Helmets","article_publisher":"https:\/\/www.facebook.com\/pages\/Billys-Crash-Helmets\/252001191558014","article_modified_time":"2016-12-27T11:27:08+00:00","twitter_misc":{"Est. reading time":"3 minutes"},"schema":{"@context":"https:\/\/schema.org","@graph":[{"@type":"WebPage","@id":"https:\/\/billyscrashhelmets.co.uk\/ordering-from-getgeared\/","url":"https:\/\/billyscrashhelmets.co.uk\/ordering-from-getgeared\/","name":"Pedidos a GetGeared - Billys Crash Helmets","isPartOf":{"@id":"https:\/\/billyscrashhelmets.co.uk\/de\/#website"},"datePublished":"2016-07-28T15:55:47+00:00","dateModified":"2016-12-27T11:27:08+00:00","breadcrumb":{"@id":"https:\/\/billyscrashhelmets.co.uk\/ordering-from-getgeared\/#breadcrumb"},"inLanguage":"es-ES","potentialAction":[{"@type":"ReadAction","target":["https:\/\/billyscrashhelmets.co.uk\/ordering-from-getgeared\/"]}]},{"@type":"BreadcrumbList","@id":"https:\/\/billyscrashhelmets.co.uk\/ordering-from-getgeared\/#breadcrumb","itemListElement":[{"@type":"ListItem","position":1,"name":"Homepage","item":"https:\/\/billyscrashhelmets.co.uk\/de\/"},{"@type":"ListItem","position":2,"name":"Ordering from GetGeared"}]},{"@type":"WebSite","@id":"https:\/\/billyscrashhelmets.co.uk\/de\/#website","url":"https:\/\/billyscrashhelmets.co.uk\/de\/","name":"Cascos Billys","description":"El mejor lugar para encontrar su pr\u00f3ximo casco protector","potentialAction":[{"@type":"SearchAction","target":{"@type":"EntryPoint","urlTemplate":"https:\/\/billyscrashhelmets.co.uk\/de\/?s={search_term_string}"},"query-input":{"@type":"PropertyValueSpecification","valueRequired":true,"valueName":"search_term_string"}}],"inLanguage":"es-ES"}]}},"_links":{"self":[{"href":"https:\/\/billyscrashhelmets.co.uk\/es\/wp-json\/wp\/v2\/pages\/6985","targetHints":{"allow":["GET"]}}],"collection":[{"href":"https:\/\/billyscrashhelmets.co.uk\/es\/wp-json\/wp\/v2\/pages"}],"about":[{"href":"https:\/\/billyscrashhelmets.co.uk\/es\/wp-json\/wp\/v2\/types\/page"}],"author":[{"embeddable":true,"href":"https:\/\/billyscrashhelmets.co.uk\/es\/wp-json\/wp\/v2\/users\/5"}],"replies":[{"embeddable":true,"href":"https:\/\/billyscrashhelmets.co.uk\/es\/wp-json\/wp\/v2\/comments?post=6985"}],"version-history":[{"count":0,"href":"https:\/\/billyscrashhelmets.co.uk\/es\/wp-json\/wp\/v2\/pages\/6985\/revisions"}],"wp:attachment":[{"href":"https:\/\/billyscrashhelmets.co.uk\/es\/wp-json\/wp\/v2\/media?parent=6985"}],"curies":[{"name":"wp","href":"https:\/\/api.w.org\/{rel}","templated":true}]}}