{"id":6985,"date":"2016-07-28T15:55:47","date_gmt":"2016-07-28T15:55:47","guid":{"rendered":"http:\/\/billyscrashhelmets.co.uk\/ukstaging\/?page_id=6985"},"modified":"2016-12-27T11:27:08","modified_gmt":"2016-12-27T11:27:08","slug":"commander-aupres-degetgeared","status":"publish","type":"page","link":"https:\/\/billyscrashhelmets.co.uk\/fr\/ordering-from-getgeared\/","title":{"rendered":"Commander aupr\u00e8s de GetGeared"},"content":{"rendered":"<p><strong>En plus de v\u00e9rifier l'efficacit\u00e9 d'un d\u00e9taillant en consultant une s\u00e9rie de sites d'\u00e9valuation en ligne, nous aimons tester leur efficacit\u00e9 en passant nous-m\u00eames commande.<\/strong><\/p>\n<p><strong>Pour GetGeared, il s'agissait simplement d'un insert antibu\u00e9e Pinlock que nous avons command\u00e9.<\/strong><\/p>\n<p>Le site internet de Get Geared n'est pas le plus facile \u00e0 naviguer et parfois les donn\u00e9es du produit pro laissent \u00e0 d\u00e9sirer. J'ai choisi un Pinlock transparent pour mon Caberg Duke, qui d\u00e9passait le prix de 25 \u00a3 pour la livraison gratuite. En ligne, la page me donnait deux prix, l'un moins cher que l'autre d'une livre, ce qui \u00e9tait un peu bizarre !<\/p>\n<p>J'ai ajout\u00e9 le Pinlock \u00e0 mon panier et bien s\u00fbr, le prix \u00e9tait de 33,99 \u00a3 (le prix le plus \u00e9lev\u00e9) et j'avais la possibilit\u00e9 de payer par carte de cr\u00e9dit ou par Paypal. J'ai choisi la carte de cr\u00e9dit - j'ai ensuite acc\u00e9d\u00e9 \u00e0 un \u00e9cran o\u00f9 je pouvais m'inscrire sur le site ou poursuivre ma commande en tant qu'invit\u00e9 sans m'inscrire - j'ai choisi de m'inscrire.<\/p>\n<p>Il s'agissait d'un process assez simple. J'ai ensuite eu le choix entre la livraison gratuite par Royal Mail Tracked Economy ou des tas d'autres options de livraison plus rapide moyennant un co\u00fbt. J'ai \u00e9videmment choisi la livraison gratuite.<\/p>\n<p>Si tu commandes du mat\u00e9riel pour moins de 25 euros et que tu choisis de commander par PayPal, tu devras te connecter \u00e0 PayPal avant de choisir la m\u00e9thode de livraison (et d'ajouter le co\u00fbt au total), ce qui est un peu ennuyeux parce que je pensais que la livraison \u00e9tait gratuite - ce n'est pas le cas !<\/p>\n<p>Pour ma commande de casque, j'ai pay\u00e9 par carte de cr\u00e9dit et la commande a \u00e9t\u00e9 pass\u00e9e <strong>Vendredi 22 juillet \u00e0 11h40.<\/strong><\/p>\n<p>Une fois la commande pass\u00e9e, j'ai pu cliquer sur \"mon compte\" sur le site web pour suivre ma commande, ce qui \u00e9tait une bonne chose.<\/p>\n<p>J'ai re\u00e7u des e-mails de confirmation de commande, puis un e-mail bizarre disant qu'une partie de ma commande \u00e9tait en rupture de stock, alors que je n'avais command\u00e9 qu'un seul article ! Cela dit, il y avait une option pour envoyer une partie de la commande, j'ai donc cliqu\u00e9 dessus et ils ont confirm\u00e9 qu'ils enverraient ce qu'ils avaient en stock. Bizarre. Encore une fois.<\/p>\n<p><strong>Vendredi 16 heures.<\/strong> J'ai re\u00e7u le deuxi\u00e8me des deux courriels \"comment s'est pass\u00e9e votre exp\u00e9rience d'achat\" - et un autre disant que ma commande avait \u00e9t\u00e9 exp\u00e9di\u00e9e et qu'elle devait arriver dans les 48 heures. Je suppose que ce sera lundi, puisque nous sommes vendredi.<\/p>\n<p>J'ai ensuite essay\u00e9 de voir \u00e0 nouveau \"mon compte\" sur leur site web, mais le fait de cliquer dessus n'a rien donn\u00e9. M\u00eame en cliquant sur \"login\" puis sur mon compte, rien ne s'est pass\u00e9. Heureusement, il y a un lien de \"suivi\" sur l'e-mail d'exp\u00e9dition qu'ils ont envoy\u00e9 - mais malheureusement, le site de Royal Mail a indiqu\u00e9 qu'il ne reconnaissait pas la r\u00e9f\u00e9rence de suivi ! \u00c9chec du suivi !<\/p>\n<p>Lorsque j'ai r\u00e9ussi \u00e0 me connecter \u00e0 la page des comptes de GetGeared (Dieu sait comment !), il a \u00e9t\u00e9 indiqu\u00e9 qu'il avait \u00e9t\u00e9 exp\u00e9di\u00e9.<\/p>\n<p>J'ai v\u00e9rifi\u00e9 \u00e0 nouveau le dimanche \u00e0 10 heures et le lien de suivi sur la page des comptes de GetGeared a fonctionn\u00e9 et le tracker de Royal Mail a indiqu\u00e9 qu'il \u00e9tait au centre de courrier de Leeds - il va donc dans la bonne direction !<\/p>\n<p><strong>Lundi 25 juillet \u00e0 11h20<\/strong> et le Pinlock a \u00e9t\u00e9 livr\u00e9 par le postier - le bon Pinlock et tout allait bien.<\/p>\n<p>Dans l'ensemble, la commande et la livraison ont \u00e9t\u00e9 parfaites et le produit a \u00e9t\u00e9 livr\u00e9 rapidement. C'est juste que tous les autres \u00e9l\u00e9ments - le suivi, la connexion au compte, la tarification en ligne - ne l'\u00e9taient pas. Compte tenu de cela, nous continuerons \u00e0 les recommander, mais nous leur ferons part de leurs commentaires sur la fa\u00e7on dont ils doivent s'am\u00e9liorer. Il semblerait que leur site doive \u00eatre mis \u00e0 jour prochainement et nous esp\u00e9rons qu'ils r\u00e9soudront leurs probl\u00e8mes techniques \u00e0 ce moment-l\u00e0.<\/p>","protected":false},"excerpt":{"rendered":"<p>As well as checking out how well everyone says a retailer does by looking at a range of online review sites, we like to test out how well\u00a0they do by ordering ourselves. For GetGeared, it was just a Pinlock antifog insert we ordered. Get Geared&#8217;s website isn&#8217;t the easiest to navigate and sometimes the product [&hellip;]<\/p>\n","protected":false},"author":5,"featured_media":0,"parent":0,"menu_order":0,"comment_status":"closed","ping_status":"closed","template":"","meta":{"footnotes":""},"class_list":["post-6985","page","type-page","status-publish"],"yoast_head":"<!-- This site is optimized with the Yoast SEO plugin v27.5 - https:\/\/yoast.com\/product\/yoast-seo-wordpress\/ -->\n<title>Ordering from GetGeared - Billys Crash Helmets<\/title>\n<meta name=\"robots\" content=\"index, follow, max-snippet:-1, max-image-preview:large, max-video-preview:-1\" \/>\n<link rel=\"canonical\" href=\"https:\/\/billyscrashhelmets.co.uk\/fr\/commander-aupres-degetgeared\/\" \/>\n<meta property=\"og:locale\" content=\"fr_FR\" \/>\n<meta property=\"og:type\" content=\"article\" \/>\n<meta property=\"og:title\" content=\"Ordering from GetGeared - Billys Crash Helmets\" \/>\n<meta property=\"og:description\" content=\"As well as checking out how well everyone says a retailer does by looking at a range of online review sites, we like to test out how well\u00a0they do by ordering ourselves. For GetGeared, it was just a Pinlock antifog insert we ordered. Get Geared&#8217;s website isn&#8217;t the easiest to navigate and sometimes the product [&hellip;]\" \/>\n<meta property=\"og:url\" content=\"https:\/\/billyscrashhelmets.co.uk\/fr\/commander-aupres-degetgeared\/\" \/>\n<meta property=\"og:site_name\" content=\"Billys Crash Helmets\" \/>\n<meta property=\"article:publisher\" content=\"https:\/\/www.facebook.com\/pages\/Billys-Crash-Helmets\/252001191558014\" \/>\n<meta property=\"article:modified_time\" content=\"2016-12-27T11:27:08+00:00\" \/>\n<meta name=\"twitter:label1\" content=\"Est. reading time\" \/>\n\t<meta name=\"twitter:data1\" content=\"3 minutes\" \/>\n<script type=\"application\/ld+json\" class=\"yoast-schema-graph\">{\"@context\":\"https:\\\/\\\/schema.org\",\"@graph\":[{\"@type\":\"WebPage\",\"@id\":\"https:\\\/\\\/billyscrashhelmets.co.uk\\\/ordering-from-getgeared\\\/\",\"url\":\"https:\\\/\\\/billyscrashhelmets.co.uk\\\/ordering-from-getgeared\\\/\",\"name\":\"Ordering from GetGeared - Billys Crash Helmets\",\"isPartOf\":{\"@id\":\"https:\\\/\\\/billyscrashhelmets.co.uk\\\/de\\\/#website\"},\"datePublished\":\"2016-07-28T15:55:47+00:00\",\"dateModified\":\"2016-12-27T11:27:08+00:00\",\"breadcrumb\":{\"@id\":\"https:\\\/\\\/billyscrashhelmets.co.uk\\\/ordering-from-getgeared\\\/#breadcrumb\"},\"inLanguage\":\"fr-FR\",\"potentialAction\":[{\"@type\":\"ReadAction\",\"target\":[\"https:\\\/\\\/billyscrashhelmets.co.uk\\\/ordering-from-getgeared\\\/\"]}]},{\"@type\":\"BreadcrumbList\",\"@id\":\"https:\\\/\\\/billyscrashhelmets.co.uk\\\/ordering-from-getgeared\\\/#breadcrumb\",\"itemListElement\":[{\"@type\":\"ListItem\",\"position\":1,\"name\":\"Homepage\",\"item\":\"https:\\\/\\\/billyscrashhelmets.co.uk\\\/de\\\/\"},{\"@type\":\"ListItem\",\"position\":2,\"name\":\"Ordering from GetGeared\"}]},{\"@type\":\"WebSite\",\"@id\":\"https:\\\/\\\/billyscrashhelmets.co.uk\\\/de\\\/#website\",\"url\":\"https:\\\/\\\/billyscrashhelmets.co.uk\\\/de\\\/\",\"name\":\"Billys Crash Helmets\",\"description\":\"The best place to find your next crash helmet\",\"potentialAction\":[{\"@type\":\"SearchAction\",\"target\":{\"@type\":\"EntryPoint\",\"urlTemplate\":\"https:\\\/\\\/billyscrashhelmets.co.uk\\\/de\\\/?s={search_term_string}\"},\"query-input\":{\"@type\":\"PropertyValueSpecification\",\"valueRequired\":true,\"valueName\":\"search_term_string\"}}],\"inLanguage\":\"fr-FR\"}]}<\/script>\n<!-- \/ Yoast SEO plugin. -->","yoast_head_json":{"title":"Commander chez GetGeared - Billys Crash Helmets","robots":{"index":"index","follow":"follow","max-snippet":"max-snippet:-1","max-image-preview":"max-image-preview:large","max-video-preview":"max-video-preview:-1"},"canonical":"https:\/\/billyscrashhelmets.co.uk\/fr\/commander-aupres-degetgeared\/","og_locale":"fr_FR","og_type":"article","og_title":"Ordering from GetGeared - Billys Crash Helmets","og_description":"As well as checking out how well everyone says a retailer does by looking at a range of online review sites, we like to test out how well\u00a0they do by ordering ourselves. For GetGeared, it was just a Pinlock antifog insert we ordered. Get Geared&#8217;s website isn&#8217;t the easiest to navigate and sometimes the product [&hellip;]","og_url":"https:\/\/billyscrashhelmets.co.uk\/fr\/commander-aupres-degetgeared\/","og_site_name":"Billys Crash Helmets","article_publisher":"https:\/\/www.facebook.com\/pages\/Billys-Crash-Helmets\/252001191558014","article_modified_time":"2016-12-27T11:27:08+00:00","twitter_misc":{"Est. reading time":"3 minutes"},"schema":{"@context":"https:\/\/schema.org","@graph":[{"@type":"WebPage","@id":"https:\/\/billyscrashhelmets.co.uk\/ordering-from-getgeared\/","url":"https:\/\/billyscrashhelmets.co.uk\/ordering-from-getgeared\/","name":"Commander chez GetGeared - Billys Crash Helmets","isPartOf":{"@id":"https:\/\/billyscrashhelmets.co.uk\/de\/#website"},"datePublished":"2016-07-28T15:55:47+00:00","dateModified":"2016-12-27T11:27:08+00:00","breadcrumb":{"@id":"https:\/\/billyscrashhelmets.co.uk\/ordering-from-getgeared\/#breadcrumb"},"inLanguage":"fr-FR","potentialAction":[{"@type":"ReadAction","target":["https:\/\/billyscrashhelmets.co.uk\/ordering-from-getgeared\/"]}]},{"@type":"BreadcrumbList","@id":"https:\/\/billyscrashhelmets.co.uk\/ordering-from-getgeared\/#breadcrumb","itemListElement":[{"@type":"ListItem","position":1,"name":"Homepage","item":"https:\/\/billyscrashhelmets.co.uk\/de\/"},{"@type":"ListItem","position":2,"name":"Ordering from GetGeared"}]},{"@type":"WebSite","@id":"https:\/\/billyscrashhelmets.co.uk\/de\/#website","url":"https:\/\/billyscrashhelmets.co.uk\/de\/","name":"Billys Crash Helmets","description":"Le meilleur endroit pour trouver ton prochain casque de protection","potentialAction":[{"@type":"SearchAction","target":{"@type":"EntryPoint","urlTemplate":"https:\/\/billyscrashhelmets.co.uk\/de\/?s={search_term_string}"},"query-input":{"@type":"PropertyValueSpecification","valueRequired":true,"valueName":"search_term_string"}}],"inLanguage":"fr-FR"}]}},"_links":{"self":[{"href":"https:\/\/billyscrashhelmets.co.uk\/fr\/wp-json\/wp\/v2\/pages\/6985","targetHints":{"allow":["GET"]}}],"collection":[{"href":"https:\/\/billyscrashhelmets.co.uk\/fr\/wp-json\/wp\/v2\/pages"}],"about":[{"href":"https:\/\/billyscrashhelmets.co.uk\/fr\/wp-json\/wp\/v2\/types\/page"}],"author":[{"embeddable":true,"href":"https:\/\/billyscrashhelmets.co.uk\/fr\/wp-json\/wp\/v2\/users\/5"}],"replies":[{"embeddable":true,"href":"https:\/\/billyscrashhelmets.co.uk\/fr\/wp-json\/wp\/v2\/comments?post=6985"}],"version-history":[{"count":0,"href":"https:\/\/billyscrashhelmets.co.uk\/fr\/wp-json\/wp\/v2\/pages\/6985\/revisions"}],"wp:attachment":[{"href":"https:\/\/billyscrashhelmets.co.uk\/fr\/wp-json\/wp\/v2\/media?parent=6985"}],"curies":[{"name":"wp","href":"https:\/\/api.w.org\/{rel}","templated":true}]}}