{"id":15218,"date":"2021-03-09T16:22:56","date_gmt":"2021-03-09T16:22:56","guid":{"rendered":"https:\/\/billyscrashhelmets.co.uk\/?page_id=15218"},"modified":"2021-03-09T16:45:36","modified_gmt":"2021-03-09T16:45:36","slug":"scrivi-una-recensione-di-una-moto-elmetto-per-i-soldi-della-birra","status":"publish","type":"page","link":"https:\/\/billyscrashhelmets.co.uk\/it\/write-a-motorbike-helmet-review-for-beer-money\/","title":{"rendered":"Scrivi una recensione su Casco da moto per birra"},"content":{"rendered":"<p><img loading=\"lazy\" decoding=\"async\" class=\"aligncenter wp-image-15219\" src=\"https:\/\/billyscrashhelmets.co.uk\/wp-content\/uploads\/2021\/03\/write-a-review-featured-300x153.gif\" alt=\"scrivere una recensione sul casco da moto\" width=\"450\" height=\"230\" srcset=\"https:\/\/billyscrashhelmets.co.uk\/wp-content\/uploads\/2021\/03\/write-a-review-featured-300x153.gif 300w, https:\/\/billyscrashhelmets.co.uk\/wp-content\/uploads\/2021\/03\/write-a-review-featured-150x77.gif 150w, https:\/\/billyscrashhelmets.co.uk\/wp-content\/uploads\/2021\/03\/write-a-review-featured-696x357.gif 696w\" sizes=\"auto, (max-width: 450px) 100vw, 450px\" \/><\/p>\n<h3><span style=\"color: #ff0000;\">(poi inviatelo via e-mail a billy at billyscrashhelmets.co.uk)<\/span><\/h3>\n<p>Se possedete un modello attuale di casco certificato ECE (non deve essere necessariamente uno di quelli gi\u00e0 presenti sul sito), ci piacerebbe che scriveste una recensione e condivideste le vostre opinioni.<\/p>\n<p>Se lo fai, ti pagheremo una o due birre per il tuo disturbo. Ci dispiace che non possa essere di pi\u00f9, ma non guadagniamo molto dal sito! Lo so, i violini.<\/p>\n<p>Tutto ci\u00f2 che dovete fare \u00e8 scrivere un minimo di 500 parole (di pi\u00f9 va benissimo) e almeno un paio di foto che possano accompagnare la vostra recensione.<\/p>\n<p>Scrivetelo come volete, ma se volete qualche suggerimento, provate a seguire un po' di queste indicazioni:<\/p>\n<ul>\n<li><strong>Perch\u00e9 avete comprato il casco<\/strong><\/li>\n<li><strong>Aspetto e qualit\u00e0 della verniciatura\/finitura<\/strong><\/li>\n<li><strong>Qualit\u00e0 degli interni e comfort<\/strong><\/li>\n<li><strong>Come funziona con tutti gli accessori<\/strong><\/li>\n<li><strong>Quanto \u00e8 rumoroso?<\/strong><\/li>\n<li><strong>La visiera funziona bene? Visiera parasole?<\/strong><\/li>\n<li><strong>Eventuali problemi\/<\/strong><strong>odia?<\/strong><\/li>\n<li><strong>Qual \u00e8 la cosa pi\u00f9 bella che abbiate mai visto su un casco?<\/strong><\/li>\n<li><strong>Peso<\/strong><\/li>\n<li><strong>Aero<\/strong><\/li>\n<li><strong>Servizio clienti se avete dovuto contattare il produttore<\/strong><\/li>\n<li><strong>Montaggio di un Bluetooth<\/strong><\/li>\n<li><strong>Opinioni complessive e se lo comprereste di nuovo<\/strong><\/li>\n<li><strong>Dagli un punteggio di 5 se vuoi<\/strong><\/li>\n<li><strong>L'immagine \u00e8 chiara<\/strong><\/li>\n<\/ul>\n<h3><em>Grazie per l'aiuto!<\/em><\/h3>\n<h2>(Non) solite scritte in piccolo e informazioni sul pagamento.<\/h2>\n<p>Non tutti sono bravi a scrivere, quindi potrei modificare un po' (o molto!) la vostra recensione. Non preoccupatevi, non possiamo essere tutti bravissimi in tutto.<\/p>\n<p>Inoltre, se penso che possa essere diffamatorio o offensivo nei confronti di qualcuno, potrei anche tagliarlo. E per favore, niente parolacce.<\/p>\n<p>Tutto ci\u00f2 che mi inviate diventer\u00e0 la mia propriet\u00e0 pro. Non ricordo perch\u00e9, \u00e8 cos\u00ec e basta. In cambio, ti invier\u00f2 una croccante moneta digitale da dieci sterline. Pagher\u00f2 10 sterline se sei nel Regno Unito (o $10 negli Stati Uniti) pagandoti tramite Paypal se hai un conto Paypal (ovvio) o tramite bonifico bancario diretto se sei disposto a condividere i tuoi dati di accesso (capisco se non vuoi, ma tutti i dati che mi fornisci saranno usati solo per pagarti e poi cancellati - quindi non preoccuparti, non ti tormenter\u00f2 con le email o vender\u00f2 i tuoi dati ai minatori di dati in Khasakstan).<\/p>\n<p>Se siete altrove, fatemelo sapere e cercher\u00f2 di capire come farvi avere i soldi.<\/p>\n<p>Per favore, scrivi una recensione solo se l'inglese \u00e8 la tua prima lingua o se la parli correntemente. Mi riservo il diritto di non utilizzare la tua recensione e pagher\u00f2 solo dopo averla accettata (cio\u00e8 ti mander\u00f2 un'email per dirti che \u00e8 stata accettata e per chiederti come vuoi pagare). Lo dico soprattutto per evitare che qualcuno mi mandi 1500 recensioni scritte da bot e si aspetti di essere pagato!<\/p>\n<p>Penso che sia tutto. Buona fortuna e grazie!<\/p>\n<p><strong>Billy<\/strong><\/p>","protected":false},"excerpt":{"rendered":"<p>(then email it to billy at billyscrashhelmets.co.uk) If you own a current model ECE certified helmet (doesn\u2019t have to be one that\u2019s already on the site), we\u2019d love you to write a review and share your thoughts. If you do, we\u2019ll pay you money to cover a beer or two for your trouble. Sorry it [&hellip;]<\/p>\n","protected":false},"author":5,"featured_media":15219,"parent":0,"menu_order":0,"comment_status":"closed","ping_status":"closed","template":"","meta":{"footnotes":""},"class_list":["post-15218","page","type-page","status-publish","has-post-thumbnail"],"yoast_head":"<!-- This site is optimized with the Yoast SEO plugin v27.5 - https:\/\/yoast.com\/product\/yoast-seo-wordpress\/ -->\n<title>Write a motorbike helmet review for beer money - Billys Crash Helmets<\/title>\n<meta name=\"robots\" content=\"index, follow, max-snippet:-1, max-image-preview:large, max-video-preview:-1\" \/>\n<link rel=\"canonical\" href=\"https:\/\/billyscrashhelmets.co.uk\/it\/scrivi-una-recensione-di-una-moto-elmetto-per-i-soldi-della-birra\/\" \/>\n<meta property=\"og:locale\" content=\"it_IT\" \/>\n<meta property=\"og:type\" content=\"article\" \/>\n<meta property=\"og:title\" content=\"Write a motorbike helmet review for beer money - Billys Crash Helmets\" \/>\n<meta property=\"og:description\" content=\"(then email it to billy at billyscrashhelmets.co.uk) If you own a current model ECE certified helmet (doesn\u2019t have to be one that\u2019s already on the site), we\u2019d love you to write a review and share your thoughts. If you do, we\u2019ll pay you money to cover a beer or two for your trouble. Sorry it [&hellip;]\" \/>\n<meta property=\"og:url\" content=\"https:\/\/billyscrashhelmets.co.uk\/it\/scrivi-una-recensione-di-una-moto-elmetto-per-i-soldi-della-birra\/\" \/>\n<meta property=\"og:site_name\" content=\"Billys Crash Helmets\" \/>\n<meta property=\"article:publisher\" content=\"https:\/\/www.facebook.com\/pages\/Billys-Crash-Helmets\/252001191558014\" \/>\n<meta property=\"article:modified_time\" content=\"2021-03-09T16:45:36+00:00\" \/>\n<meta property=\"og:image\" content=\"https:\/\/billyscrashhelmets.co.uk\/wp-content\/uploads\/2021\/03\/write-a-review-featured.gif\" \/>\n\t<meta property=\"og:image:width\" content=\"700\" \/>\n\t<meta property=\"og:image:height\" content=\"357\" \/>\n\t<meta property=\"og:image:type\" content=\"image\/gif\" \/>\n<meta name=\"twitter:label1\" content=\"Est. reading time\" \/>\n\t<meta name=\"twitter:data1\" content=\"3 minutes\" \/>\n<script type=\"application\/ld+json\" class=\"yoast-schema-graph\">{\"@context\":\"https:\\\/\\\/schema.org\",\"@graph\":[{\"@type\":\"WebPage\",\"@id\":\"https:\\\/\\\/billyscrashhelmets.co.uk\\\/write-a-motorbike-helmet-review-for-beer-money\\\/\",\"url\":\"https:\\\/\\\/billyscrashhelmets.co.uk\\\/write-a-motorbike-helmet-review-for-beer-money\\\/\",\"name\":\"Write a motorbike helmet review for beer money - Billys Crash Helmets\",\"isPartOf\":{\"@id\":\"https:\\\/\\\/billyscrashhelmets.co.uk\\\/de\\\/#website\"},\"primaryImageOfPage\":{\"@id\":\"https:\\\/\\\/billyscrashhelmets.co.uk\\\/write-a-motorbike-helmet-review-for-beer-money\\\/#primaryimage\"},\"image\":{\"@id\":\"https:\\\/\\\/billyscrashhelmets.co.uk\\\/write-a-motorbike-helmet-review-for-beer-money\\\/#primaryimage\"},\"thumbnailUrl\":\"https:\\\/\\\/billyscrashhelmets.co.uk\\\/wp-content\\\/uploads\\\/2021\\\/03\\\/write-a-review-featured.gif\",\"datePublished\":\"2021-03-09T16:22:56+00:00\",\"dateModified\":\"2021-03-09T16:45:36+00:00\",\"breadcrumb\":{\"@id\":\"https:\\\/\\\/billyscrashhelmets.co.uk\\\/write-a-motorbike-helmet-review-for-beer-money\\\/#breadcrumb\"},\"inLanguage\":\"it-IT\",\"potentialAction\":[{\"@type\":\"ReadAction\",\"target\":[\"https:\\\/\\\/billyscrashhelmets.co.uk\\\/write-a-motorbike-helmet-review-for-beer-money\\\/\"]}]},{\"@type\":\"ImageObject\",\"inLanguage\":\"it-IT\",\"@id\":\"https:\\\/\\\/billyscrashhelmets.co.uk\\\/write-a-motorbike-helmet-review-for-beer-money\\\/#primaryimage\",\"url\":\"https:\\\/\\\/billyscrashhelmets.co.uk\\\/wp-content\\\/uploads\\\/2021\\\/03\\\/write-a-review-featured.gif\",\"contentUrl\":\"https:\\\/\\\/billyscrashhelmets.co.uk\\\/wp-content\\\/uploads\\\/2021\\\/03\\\/write-a-review-featured.gif\",\"width\":700,\"height\":357,\"caption\":\"write a motorcycle helmet review\"},{\"@type\":\"BreadcrumbList\",\"@id\":\"https:\\\/\\\/billyscrashhelmets.co.uk\\\/write-a-motorbike-helmet-review-for-beer-money\\\/#breadcrumb\",\"itemListElement\":[{\"@type\":\"ListItem\",\"position\":1,\"name\":\"Homepage\",\"item\":\"https:\\\/\\\/billyscrashhelmets.co.uk\\\/de\\\/\"},{\"@type\":\"ListItem\",\"position\":2,\"name\":\"Write a motorbike helmet review for beer money\"}]},{\"@type\":\"WebSite\",\"@id\":\"https:\\\/\\\/billyscrashhelmets.co.uk\\\/de\\\/#website\",\"url\":\"https:\\\/\\\/billyscrashhelmets.co.uk\\\/de\\\/\",\"name\":\"Billys Crash Helmets\",\"description\":\"The best place to find your next crash helmet\",\"potentialAction\":[{\"@type\":\"SearchAction\",\"target\":{\"@type\":\"EntryPoint\",\"urlTemplate\":\"https:\\\/\\\/billyscrashhelmets.co.uk\\\/de\\\/?s={search_term_string}\"},\"query-input\":{\"@type\":\"PropertyValueSpecification\",\"valueRequired\":true,\"valueName\":\"search_term_string\"}}],\"inLanguage\":\"it-IT\"}]}<\/script>\n<!-- \/ Yoast SEO plugin. -->","yoast_head_json":{"title":"Scrivi una recensione su Casco da moto per soldi di birra - Billys Crash Helmets","robots":{"index":"index","follow":"follow","max-snippet":"max-snippet:-1","max-image-preview":"max-image-preview:large","max-video-preview":"max-video-preview:-1"},"canonical":"https:\/\/billyscrashhelmets.co.uk\/it\/scrivi-una-recensione-di-una-moto-elmetto-per-i-soldi-della-birra\/","og_locale":"it_IT","og_type":"article","og_title":"Write a motorbike helmet review for beer money - Billys Crash Helmets","og_description":"(then email it to billy at billyscrashhelmets.co.uk) If you own a current model ECE certified helmet (doesn\u2019t have to be one that\u2019s already on the site), we\u2019d love you to write a review and share your thoughts. If you do, we\u2019ll pay you money to cover a beer or two for your trouble. Sorry it [&hellip;]","og_url":"https:\/\/billyscrashhelmets.co.uk\/it\/scrivi-una-recensione-di-una-moto-elmetto-per-i-soldi-della-birra\/","og_site_name":"Billys Crash Helmets","article_publisher":"https:\/\/www.facebook.com\/pages\/Billys-Crash-Helmets\/252001191558014","article_modified_time":"2021-03-09T16:45:36+00:00","og_image":[{"width":700,"height":357,"url":"https:\/\/billyscrashhelmets.co.uk\/wp-content\/uploads\/2021\/03\/write-a-review-featured.gif","type":"image\/gif"}],"twitter_misc":{"Est. reading time":"3 minutes"},"schema":{"@context":"https:\/\/schema.org","@graph":[{"@type":"WebPage","@id":"https:\/\/billyscrashhelmets.co.uk\/write-a-motorbike-helmet-review-for-beer-money\/","url":"https:\/\/billyscrashhelmets.co.uk\/write-a-motorbike-helmet-review-for-beer-money\/","name":"Scrivi una recensione su Casco da moto per soldi di birra - Billys Crash Helmets","isPartOf":{"@id":"https:\/\/billyscrashhelmets.co.uk\/de\/#website"},"primaryImageOfPage":{"@id":"https:\/\/billyscrashhelmets.co.uk\/write-a-motorbike-helmet-review-for-beer-money\/#primaryimage"},"image":{"@id":"https:\/\/billyscrashhelmets.co.uk\/write-a-motorbike-helmet-review-for-beer-money\/#primaryimage"},"thumbnailUrl":"https:\/\/billyscrashhelmets.co.uk\/wp-content\/uploads\/2021\/03\/write-a-review-featured.gif","datePublished":"2021-03-09T16:22:56+00:00","dateModified":"2021-03-09T16:45:36+00:00","breadcrumb":{"@id":"https:\/\/billyscrashhelmets.co.uk\/write-a-motorbike-helmet-review-for-beer-money\/#breadcrumb"},"inLanguage":"it-IT","potentialAction":[{"@type":"ReadAction","target":["https:\/\/billyscrashhelmets.co.uk\/write-a-motorbike-helmet-review-for-beer-money\/"]}]},{"@type":"ImageObject","inLanguage":"it-IT","@id":"https:\/\/billyscrashhelmets.co.uk\/write-a-motorbike-helmet-review-for-beer-money\/#primaryimage","url":"https:\/\/billyscrashhelmets.co.uk\/wp-content\/uploads\/2021\/03\/write-a-review-featured.gif","contentUrl":"https:\/\/billyscrashhelmets.co.uk\/wp-content\/uploads\/2021\/03\/write-a-review-featured.gif","width":700,"height":357,"caption":"write a motorcycle helmet review"},{"@type":"BreadcrumbList","@id":"https:\/\/billyscrashhelmets.co.uk\/write-a-motorbike-helmet-review-for-beer-money\/#breadcrumb","itemListElement":[{"@type":"ListItem","position":1,"name":"Homepage","item":"https:\/\/billyscrashhelmets.co.uk\/de\/"},{"@type":"ListItem","position":2,"name":"Write a motorbike helmet review for beer money"}]},{"@type":"WebSite","@id":"https:\/\/billyscrashhelmets.co.uk\/de\/#website","url":"https:\/\/billyscrashhelmets.co.uk\/de\/","name":"Caschi Billys Crash","description":"Il posto migliore per trovare il vostro prossimo casco d'emergenza","potentialAction":[{"@type":"SearchAction","target":{"@type":"EntryPoint","urlTemplate":"https:\/\/billyscrashhelmets.co.uk\/de\/?s={search_term_string}"},"query-input":{"@type":"PropertyValueSpecification","valueRequired":true,"valueName":"search_term_string"}}],"inLanguage":"it-IT"}]}},"_links":{"self":[{"href":"https:\/\/billyscrashhelmets.co.uk\/it\/wp-json\/wp\/v2\/pages\/15218","targetHints":{"allow":["GET"]}}],"collection":[{"href":"https:\/\/billyscrashhelmets.co.uk\/it\/wp-json\/wp\/v2\/pages"}],"about":[{"href":"https:\/\/billyscrashhelmets.co.uk\/it\/wp-json\/wp\/v2\/types\/page"}],"author":[{"embeddable":true,"href":"https:\/\/billyscrashhelmets.co.uk\/it\/wp-json\/wp\/v2\/users\/5"}],"replies":[{"embeddable":true,"href":"https:\/\/billyscrashhelmets.co.uk\/it\/wp-json\/wp\/v2\/comments?post=15218"}],"version-history":[{"count":0,"href":"https:\/\/billyscrashhelmets.co.uk\/it\/wp-json\/wp\/v2\/pages\/15218\/revisions"}],"wp:featuredmedia":[{"embeddable":true,"href":"https:\/\/billyscrashhelmets.co.uk\/it\/wp-json\/wp\/v2\/media\/15219"}],"wp:attachment":[{"href":"https:\/\/billyscrashhelmets.co.uk\/it\/wp-json\/wp\/v2\/media?parent=15218"}],"curies":[{"name":"wp","href":"https:\/\/api.w.org\/{rel}","templated":true}]}}