{"id":6515,"date":"2016-05-19T16:15:28","date_gmt":"2016-05-19T16:15:28","guid":{"rendered":"http:\/\/billyscrashhelmets.co.uk\/ukstaging\/?page_id=6515"},"modified":"2020-03-20T15:04:18","modified_gmt":"2020-03-20T15:04:18","slug":"esperienza-di-utilizzo-di-biciclette-sportive","status":"publish","type":"page","link":"https:\/\/billyscrashhelmets.co.uk\/it\/experience-using-sportsbikeshop\/","title":{"rendered":"La nostra esperienza di utilizzo di SportsBikeShop"},"content":{"rendered":"<p><strong>Se vogliamo raccomandare un rivenditore, allora dobbiamo essere pronti a puntare su di lui, giusto?<\/strong><\/p>\n<p>Abbiamo quindi ordinato uno dei nostri caschi pi\u00f9 votati, l'HJC IS 17, da Sports Bike Shop senza che loro lo sapessero, in modo da poterne verificare le prestazioni.<\/p>\n<p>Volevamo anche testare la loro procedura di reso per assicurarci che fossero altrettanto felici di risolvere i problems e di prendere i nostri soldi duramente guadagnati. Quindi abbiamo ordinato una taglia troppo grande (XL) sapendo che avremmo dovuto restituirla per una taglia L.<\/p>\n<p><strong>Ecco cosa abbiamo trovato:<\/strong><\/p>\n<p>&nbsp;<\/p>\n<p><strong>Casco acquistato il 22 aprile<\/strong> - Ore 13.05 - Venerd\u00ec precedente un luned\u00ec festivo.<\/p>\n<p>Facile ordinare process online con tracciabilit\u00e0 e spedizione gratuita (evviva!). Ordinato taglia troppo grande per testare i ritorni process.<\/p>\n<p>Inizialmente la carta \u00e8 stata rifiutata (per colpa mia, non era stata usata da un po' e la banca l'ha bloccata). Tuttavia, ho ricevuto un'e-mail da SBS che diceva che la carta era stata rifiutata.<\/p>\n<p>Una volta sbloccata la carta di credito, ho inviato un'e-mail per comunicare che la mia carta era stata sbloccata e hanno rapidamente confermato che l'ordine era stato preso e che tutto era a posto.<\/p>\n<p>Prima che l'ordine venisse consegnato, ho ricevuto un'e-mail che mi indicava una fascia oraria di consegna che potevo facilmente modificare online - ho scelto di farlo consegnare un giorno dopo.<\/p>\n<p>Il casco \u00e8 stato ordinato venerd\u00ec pomeriggio, sarebbe arrivato <strong>Marted\u00ec 26 aprile<\/strong> (anche in questo caso, il luned\u00ec era un giorno festivo), quindi la consegna \u00e8 avvenuta mercoled\u00ec 27 aprile.<\/p>\n<figure id=\"attachment_6518\" aria-describedby=\"caption-attachment-6518\" style=\"width: 300px\" class=\"wp-caption alignright\"><a href=\"http:\/\/billyscrashhelmets.co.uk\/wp-content\/uploads\/2016\/05\/Sportsbikeshop-delivery.jpg\"><img loading=\"lazy\" decoding=\"async\" class=\"size-medium wp-image-6518\" src=\"http:\/\/billyscrashhelmets.co.uk\/wp-content\/uploads\/2016\/05\/Sportsbikeshop-delivery-300x233.jpg\" alt=\"Sportsbikeshop-consegna\" width=\"300\" height=\"233\" srcset=\"https:\/\/billyscrashhelmets.co.uk\/wp-content\/uploads\/2016\/05\/Sportsbikeshop-delivery-300x233.jpg 300w, https:\/\/billyscrashhelmets.co.uk\/wp-content\/uploads\/2016\/05\/Sportsbikeshop-delivery-150x116.jpg 150w, https:\/\/billyscrashhelmets.co.uk\/wp-content\/uploads\/2016\/05\/Sportsbikeshop-delivery-180x140.jpg 180w, https:\/\/billyscrashhelmets.co.uk\/wp-content\/uploads\/2016\/05\/Sportsbikeshop-delivery.jpg 600w\" sizes=\"auto, (max-width: 300px) 100vw, 300px\" \/><\/a><figcaption id=\"caption-attachment-6518\" class=\"wp-caption-text\">La vostra consegna SBS Signore...<\/figcaption><\/figure>\n<p>Il casco sembrava nuovo di zecca, senza segni di dita. La scatola era robusta e ben confezionata, quindi tutto era come doveva essere.<\/p>\n<p>Avevo scelto una taglia troppo grande per poter testare i loro resi process quando li ho scambiati con una taglia pi\u00f9 piccola. All'interno della scatola c'erano le istruzioni per la restituzione e le ho seguite (\u00e8 bello vedere che SBS \u00e8 stata molto chiara al riguardo).<\/p>\n<p>Ho visitato la pagina del sito dedicata ai resi - ho scelto un paio di opzioni e ho fatto clic sul link per vedere dove si trova il punto di consegna del corriere pi\u00f9 vicino (o scegliere il proprio corriere a spese proprie) - il reso UPS costa 0 sterline, quindi \u00e8 fantastico. Ho inviato il modulo e la schermata mi dice che a breve mi invieranno via e-mail un numero RMA e ulteriori istruzioni.<\/p>\n<p>Mi hanno inviato un pdf che ho dovuto stampare e attaccare alla scatola, utilizzando la scatola in cui il casco \u00e8 arrivato originariamente, e consegnare al punto di consegna DPD pi\u00f9 vicino (un negozio locale a 5 minuti di distanza).<\/p>\n<p>Sul sito web di SBS, se si guarda all'ordine, ora ci sono due ordini: il casco sostitutivo risulta in sospeso, ma con un costo doppio. Questo probabilmente per la loro contabilit\u00e0 interna e non \u00e8 stato prelevato alcun importo aggiuntivo.<\/p>\n<p><strong>28 aprile<\/strong>, consegnato con DPD drop off point no proempi.<\/p>\n<p><strong>2 maggio<\/strong> - Ho ricevuto un'e-mail in cui si diceva che sarebbe stato consegnato mercoled\u00ec 4, ma che avrei potuto riorganizzarlo se necessario tramite i link contenuti nell'e-mail. Ho riorganizzato la consegna il giorno dopo.<\/p>\n<p>Il loro sito web diceva che il giorno stesso mi avrebbero mandato un'e-mail per dirmi a un'ora di distanza quando sarebbe stato consegnato. Questo ha funzionato bene. \u00c8 anche possibile fare clic su un link \"segui il mio pacco\" nell'e-mail per seguire il pacco tramite una mappa di Google e vedere effettivamente la fascia oraria di consegna finale di 15 minuti!<\/p>\n<p>Si pu\u00f2 anche chiedere di consegnare a un vicino, in un luogo sicuro o di ritirare presso il loro negozio. Incredibile.<\/p>\n<p>Casco sostitutivo consegnato in perfetto orario <strong>Gioved\u00ec 5 maggio<\/strong> - 12:00<\/p>\n<p>&nbsp;<\/p>\n<p><strong>In generale<\/strong><\/p>\n<p>Sono rimasto molto colpito dal servizio, molto rapido e con ottime comunicazioni via e-mail. Inoltre, il fatto che la sostituzione del casco non abbia comportato alcun costo aggiuntivo, n\u00e9 per la restituzione del casco n\u00e9 per la riconsegna. Consigliato. Clicca qui per <a href=\"https:\/\/www.sportsbikeshop.co.uk\/motorcycle_parts\/content_cat\/1\/#\/470,2025,0\">visitate voi stessi l'Sportsbikeshop<\/a>.<\/p>","protected":false},"excerpt":{"rendered":"<p>If we&#8217;re going to recommend a retailer, then we ought to be prepared to put our money where our mouth is, right? So we ordered one of our top-rated crash helmets, the HJC IS 17, from Sports Bike Shop without them knowing, so we can check how well they perform. We also wanted to test [&hellip;]<\/p>\n","protected":false},"author":5,"featured_media":0,"parent":0,"menu_order":0,"comment_status":"closed","ping_status":"closed","template":"","meta":{"footnotes":""},"class_list":["post-6515","page","type-page","status-publish"],"yoast_head":"<!-- This site is optimized with the Yoast SEO plugin v27.5 - https:\/\/yoast.com\/product\/yoast-seo-wordpress\/ -->\n<title>Our experience of using SportsBikeShop - Billys Crash Helmets<\/title>\n<meta name=\"robots\" content=\"index, follow, max-snippet:-1, max-image-preview:large, max-video-preview:-1\" \/>\n<link rel=\"canonical\" href=\"https:\/\/billyscrashhelmets.co.uk\/it\/esperienza-di-utilizzo-di-biciclette-sportive\/\" \/>\n<meta property=\"og:locale\" content=\"it_IT\" \/>\n<meta property=\"og:type\" content=\"article\" \/>\n<meta property=\"og:title\" content=\"Our experience of using SportsBikeShop - Billys Crash Helmets\" \/>\n<meta property=\"og:description\" content=\"If we&#8217;re going to recommend a retailer, then we ought to be prepared to put our money where our mouth is, right? So we ordered one of our top-rated crash helmets, the HJC IS 17, from Sports Bike Shop without them knowing, so we can check how well they perform. We also wanted to test [&hellip;]\" \/>\n<meta property=\"og:url\" content=\"https:\/\/billyscrashhelmets.co.uk\/it\/esperienza-di-utilizzo-di-biciclette-sportive\/\" \/>\n<meta property=\"og:site_name\" content=\"Billys Crash Helmets\" \/>\n<meta property=\"article:publisher\" content=\"https:\/\/www.facebook.com\/pages\/Billys-Crash-Helmets\/252001191558014\" \/>\n<meta property=\"article:modified_time\" content=\"2020-03-20T15:04:18+00:00\" \/>\n<meta property=\"og:image\" content=\"http:\/\/billyscrashhelmets.co.uk\/wp-content\/uploads\/2016\/05\/Sportsbikeshop-delivery-300x233.jpg\" \/>\n<meta name=\"twitter:label1\" content=\"Est. reading time\" \/>\n\t<meta name=\"twitter:data1\" content=\"3 minutes\" \/>\n<script type=\"application\/ld+json\" class=\"yoast-schema-graph\">{\"@context\":\"https:\\\/\\\/schema.org\",\"@graph\":[{\"@type\":\"WebPage\",\"@id\":\"https:\\\/\\\/billyscrashhelmets.co.uk\\\/experience-using-sportsbikeshop\\\/\",\"url\":\"https:\\\/\\\/billyscrashhelmets.co.uk\\\/experience-using-sportsbikeshop\\\/\",\"name\":\"Our experience of using SportsBikeShop - Billys Crash Helmets\",\"isPartOf\":{\"@id\":\"https:\\\/\\\/billyscrashhelmets.co.uk\\\/de\\\/#website\"},\"primaryImageOfPage\":{\"@id\":\"https:\\\/\\\/billyscrashhelmets.co.uk\\\/experience-using-sportsbikeshop\\\/#primaryimage\"},\"image\":{\"@id\":\"https:\\\/\\\/billyscrashhelmets.co.uk\\\/experience-using-sportsbikeshop\\\/#primaryimage\"},\"thumbnailUrl\":\"http:\\\/\\\/billyscrashhelmets.co.uk\\\/wp-content\\\/uploads\\\/2016\\\/05\\\/Sportsbikeshop-delivery-300x233.jpg\",\"datePublished\":\"2016-05-19T16:15:28+00:00\",\"dateModified\":\"2020-03-20T15:04:18+00:00\",\"breadcrumb\":{\"@id\":\"https:\\\/\\\/billyscrashhelmets.co.uk\\\/experience-using-sportsbikeshop\\\/#breadcrumb\"},\"inLanguage\":\"it-IT\",\"potentialAction\":[{\"@type\":\"ReadAction\",\"target\":[\"https:\\\/\\\/billyscrashhelmets.co.uk\\\/experience-using-sportsbikeshop\\\/\"]}]},{\"@type\":\"ImageObject\",\"inLanguage\":\"it-IT\",\"@id\":\"https:\\\/\\\/billyscrashhelmets.co.uk\\\/experience-using-sportsbikeshop\\\/#primaryimage\",\"url\":\"http:\\\/\\\/billyscrashhelmets.co.uk\\\/wp-content\\\/uploads\\\/2016\\\/05\\\/Sportsbikeshop-delivery-300x233.jpg\",\"contentUrl\":\"http:\\\/\\\/billyscrashhelmets.co.uk\\\/wp-content\\\/uploads\\\/2016\\\/05\\\/Sportsbikeshop-delivery-300x233.jpg\"},{\"@type\":\"BreadcrumbList\",\"@id\":\"https:\\\/\\\/billyscrashhelmets.co.uk\\\/experience-using-sportsbikeshop\\\/#breadcrumb\",\"itemListElement\":[{\"@type\":\"ListItem\",\"position\":1,\"name\":\"Homepage\",\"item\":\"https:\\\/\\\/billyscrashhelmets.co.uk\\\/de\\\/\"},{\"@type\":\"ListItem\",\"position\":2,\"name\":\"Our experience of using SportsBikeShop\"}]},{\"@type\":\"WebSite\",\"@id\":\"https:\\\/\\\/billyscrashhelmets.co.uk\\\/de\\\/#website\",\"url\":\"https:\\\/\\\/billyscrashhelmets.co.uk\\\/de\\\/\",\"name\":\"Billys Crash Helmets\",\"description\":\"The best place to find your next crash helmet\",\"potentialAction\":[{\"@type\":\"SearchAction\",\"target\":{\"@type\":\"EntryPoint\",\"urlTemplate\":\"https:\\\/\\\/billyscrashhelmets.co.uk\\\/de\\\/?s={search_term_string}\"},\"query-input\":{\"@type\":\"PropertyValueSpecification\",\"valueRequired\":true,\"valueName\":\"search_term_string\"}}],\"inLanguage\":\"it-IT\"}]}<\/script>\n<!-- \/ Yoast SEO plugin. -->","yoast_head_json":{"title":"La nostra esperienza di utilizzo di SportsBikeShop - Billys Crash Helmets","robots":{"index":"index","follow":"follow","max-snippet":"max-snippet:-1","max-image-preview":"max-image-preview:large","max-video-preview":"max-video-preview:-1"},"canonical":"https:\/\/billyscrashhelmets.co.uk\/it\/esperienza-di-utilizzo-di-biciclette-sportive\/","og_locale":"it_IT","og_type":"article","og_title":"Our experience of using SportsBikeShop - Billys Crash Helmets","og_description":"If we&#8217;re going to recommend a retailer, then we ought to be prepared to put our money where our mouth is, right? So we ordered one of our top-rated crash helmets, the HJC IS 17, from Sports Bike Shop without them knowing, so we can check how well they perform. We also wanted to test [&hellip;]","og_url":"https:\/\/billyscrashhelmets.co.uk\/it\/esperienza-di-utilizzo-di-biciclette-sportive\/","og_site_name":"Billys Crash Helmets","article_publisher":"https:\/\/www.facebook.com\/pages\/Billys-Crash-Helmets\/252001191558014","article_modified_time":"2020-03-20T15:04:18+00:00","og_image":[{"url":"http:\/\/billyscrashhelmets.co.uk\/wp-content\/uploads\/2016\/05\/Sportsbikeshop-delivery-300x233.jpg","type":"","width":"","height":""}],"twitter_misc":{"Est. reading time":"3 minutes"},"schema":{"@context":"https:\/\/schema.org","@graph":[{"@type":"WebPage","@id":"https:\/\/billyscrashhelmets.co.uk\/experience-using-sportsbikeshop\/","url":"https:\/\/billyscrashhelmets.co.uk\/experience-using-sportsbikeshop\/","name":"La nostra esperienza di utilizzo di SportsBikeShop - Billys Crash Helmets","isPartOf":{"@id":"https:\/\/billyscrashhelmets.co.uk\/de\/#website"},"primaryImageOfPage":{"@id":"https:\/\/billyscrashhelmets.co.uk\/experience-using-sportsbikeshop\/#primaryimage"},"image":{"@id":"https:\/\/billyscrashhelmets.co.uk\/experience-using-sportsbikeshop\/#primaryimage"},"thumbnailUrl":"http:\/\/billyscrashhelmets.co.uk\/wp-content\/uploads\/2016\/05\/Sportsbikeshop-delivery-300x233.jpg","datePublished":"2016-05-19T16:15:28+00:00","dateModified":"2020-03-20T15:04:18+00:00","breadcrumb":{"@id":"https:\/\/billyscrashhelmets.co.uk\/experience-using-sportsbikeshop\/#breadcrumb"},"inLanguage":"it-IT","potentialAction":[{"@type":"ReadAction","target":["https:\/\/billyscrashhelmets.co.uk\/experience-using-sportsbikeshop\/"]}]},{"@type":"ImageObject","inLanguage":"it-IT","@id":"https:\/\/billyscrashhelmets.co.uk\/experience-using-sportsbikeshop\/#primaryimage","url":"http:\/\/billyscrashhelmets.co.uk\/wp-content\/uploads\/2016\/05\/Sportsbikeshop-delivery-300x233.jpg","contentUrl":"http:\/\/billyscrashhelmets.co.uk\/wp-content\/uploads\/2016\/05\/Sportsbikeshop-delivery-300x233.jpg"},{"@type":"BreadcrumbList","@id":"https:\/\/billyscrashhelmets.co.uk\/experience-using-sportsbikeshop\/#breadcrumb","itemListElement":[{"@type":"ListItem","position":1,"name":"Homepage","item":"https:\/\/billyscrashhelmets.co.uk\/de\/"},{"@type":"ListItem","position":2,"name":"Our experience of using SportsBikeShop"}]},{"@type":"WebSite","@id":"https:\/\/billyscrashhelmets.co.uk\/de\/#website","url":"https:\/\/billyscrashhelmets.co.uk\/de\/","name":"Caschi Billys Crash","description":"Il posto migliore per trovare il vostro prossimo casco d'emergenza","potentialAction":[{"@type":"SearchAction","target":{"@type":"EntryPoint","urlTemplate":"https:\/\/billyscrashhelmets.co.uk\/de\/?s={search_term_string}"},"query-input":{"@type":"PropertyValueSpecification","valueRequired":true,"valueName":"search_term_string"}}],"inLanguage":"it-IT"}]}},"_links":{"self":[{"href":"https:\/\/billyscrashhelmets.co.uk\/it\/wp-json\/wp\/v2\/pages\/6515","targetHints":{"allow":["GET"]}}],"collection":[{"href":"https:\/\/billyscrashhelmets.co.uk\/it\/wp-json\/wp\/v2\/pages"}],"about":[{"href":"https:\/\/billyscrashhelmets.co.uk\/it\/wp-json\/wp\/v2\/types\/page"}],"author":[{"embeddable":true,"href":"https:\/\/billyscrashhelmets.co.uk\/it\/wp-json\/wp\/v2\/users\/5"}],"replies":[{"embeddable":true,"href":"https:\/\/billyscrashhelmets.co.uk\/it\/wp-json\/wp\/v2\/comments?post=6515"}],"version-history":[{"count":0,"href":"https:\/\/billyscrashhelmets.co.uk\/it\/wp-json\/wp\/v2\/pages\/6515\/revisions"}],"wp:attachment":[{"href":"https:\/\/billyscrashhelmets.co.uk\/it\/wp-json\/wp\/v2\/media?parent=6515"}],"curies":[{"name":"wp","href":"https:\/\/api.w.org\/{rel}","templated":true}]}}