{"id":6985,"date":"2016-07-28T15:55:47","date_gmt":"2016-07-28T15:55:47","guid":{"rendered":"http:\/\/billyscrashhelmets.co.uk\/ukstaging\/?page_id=6985"},"modified":"2016-12-27T11:27:08","modified_gmt":"2016-12-27T11:27:08","slug":"ordinare-da-getgeared","status":"publish","type":"page","link":"https:\/\/billyscrashhelmets.co.uk\/it\/ordering-from-getgeared\/","title":{"rendered":"Ordinare da GetGeared"},"content":{"rendered":"<p><strong>Oltre a verificare l'efficienza di un rivenditore consultando una serie di siti di recensioni online, ci piace testare l'efficienza di un rivenditore ordinando noi stessi.<\/strong><\/p>\n<p><strong>Per GetGeared, abbiamo ordinato solo un inserto antiappannamento Pinlock.<\/strong><\/p>\n<p>Il sito Web di Get Geared non \u00e8 il pi\u00f9 facile da navigare e a volte i dati dei prodotti pro lasciano un po' a desiderare. Ho scelto un Pinlock chiaro per il mio Caberg Duke che ha superato il prezzo di 25 sterline con consegna gratuita. Online, la pagina mi dava due prezzi, uno pi\u00f9 basso di un chilo rispetto all'altro, il che era un po' strano!<\/p>\n<p>Ho aggiunto l'Pinlock al mio carrello e, come \u00e8 ovvio, il prezzo era di 33,99 sterline (il prezzo pi\u00f9 alto) e mi ha dato la possibilit\u00e0 di pagare con carta di credito o Paypal. Ho scelto la carta di credito e mi ha portato a una schermata in cui potevo registrarmi al sito o continuare l'ordine come ospite senza registrarmi: ho scelto di registrarmi.<\/p>\n<p>Si trattava di una procedura piuttosto semplice: process. Mi \u00e8 stata data la possibilit\u00e0 di scegliere tra la consegna gratuita con Royal Mail Tracked Economy e altre opzioni di consegna pi\u00f9 rapide a pagamento. Ovviamente ho scelto la consegna gratuita.<\/p>\n<p>Se si ordinano articoli inferiori a 25 sterline e si sceglie di ordinare con PayPal, si accede a PayPal prima di chiedere di selezionare il metodo di consegna (e poi di aggiungere il costo al totale), il che \u00e8 un po' fastidioso perch\u00e9 pensavo che mi desse la consegna gratuita, ma non \u00e8 cos\u00ec!<\/p>\n<p>Per l'ordine del mio casco, ho pagato con carta di credito e l'ordine \u00e8 stato effettuato. <strong>Venerd\u00ec 22 luglio alle 11.40.<\/strong><\/p>\n<p>Una volta effettuato l'ordine, ho potuto fare clic su \"Il mio account\" sul sito web per seguire il mio ordine, il che \u00e8 stato positivo.<\/p>\n<p>Ho ricevuto un'e-mail di conferma dell'ordine, poi una strana che diceva che una parte del mio ordine era esaurita, anche se avevo ordinato solo un articolo! Detto questo, c'era un'opzione per inviare una parte dell'ordine, quindi l'ho cliccata e mi hanno confermato che avrebbero inviato ci\u00f2 che avevano in magazzino. Strano. Di nuovo.<\/p>\n<p><strong>Venerd\u00ec 16:00.<\/strong> Ho ricevuto una seconda delle due e-mail \"com'\u00e8 andata la tua esperienza di acquisto\" e una seconda che diceva che il mio ordine era stato spedito e sarebbe dovuto arrivare entro 48 ore. Immagino che sar\u00e0 luned\u00ec, visto che ora \u00e8 venerd\u00ec.<\/p>\n<p>Ho poi provato a vedere di nuovo \"il mio account\" sul loro sito web, ma cliccandolo non ho ottenuto nulla. Anche cliccando su \"login\" e poi su \"il mio account\" non \u00e8 successo nulla. Per fortuna c'\u00e8 un link di tracciamento sull'e-mail di spedizione che mi hanno inviato, ma sfortunatamente il sito della Royal Mail ha detto che non riconosceva il riferimento di tracciamento! Il tracciamento \u00e8 fallito!<\/p>\n<p>Quando sono riuscito ad accedere alla pagina degli account di GetGeared (chiss\u00e0 come!) mi ha detto che era stato spedito.<\/p>\n<p>Ho controllato di nuovo domenica alle 10 e il link per la tracciabilit\u00e0 nella pagina degli account di GetGeared funzionava e il tracker della Royal Mail diceva che era al centro postale di Leeds - quindi sta andando nella direzione giusta!<\/p>\n<p><strong>Luned\u00ec 25 luglio alle 11.20<\/strong> e l'Pinlock \u00e8 stato consegnato dal postino - Pinlock corretto e tutto \u00e8 andato bene.<\/p>\n<p>Nel complesso, l'ordinazione e la consegna sono state corrette e il prodotto \u00e8 arrivato in tempi brevi. Solo che tutte le altre cose - la tracciabilit\u00e0, l'accesso all'account, i prezzi online - non lo erano. Per questo motivo, continueremo a raccomandarli, ma con un feedback su come devono essere improve. Si dice che il loro sito debba comunque essere aggiornato a breve, quindi si spera che a quel punto risolvano i loro problemi tecnici.<\/p>","protected":false},"excerpt":{"rendered":"<p>As well as checking out how well everyone says a retailer does by looking at a range of online review sites, we like to test out how well\u00a0they do by ordering ourselves. For GetGeared, it was just a Pinlock antifog insert we ordered. Get Geared&#8217;s website isn&#8217;t the easiest to navigate and sometimes the product [&hellip;]<\/p>\n","protected":false},"author":5,"featured_media":0,"parent":0,"menu_order":0,"comment_status":"closed","ping_status":"closed","template":"","meta":{"footnotes":""},"class_list":["post-6985","page","type-page","status-publish"],"yoast_head":"<!-- This site is optimized with the Yoast SEO plugin v27.5 - https:\/\/yoast.com\/product\/yoast-seo-wordpress\/ -->\n<title>Ordering from GetGeared - Billys Crash Helmets<\/title>\n<meta name=\"robots\" content=\"index, follow, max-snippet:-1, max-image-preview:large, max-video-preview:-1\" \/>\n<link rel=\"canonical\" href=\"https:\/\/billyscrashhelmets.co.uk\/it\/ordinare-da-getgeared\/\" \/>\n<meta property=\"og:locale\" content=\"it_IT\" \/>\n<meta property=\"og:type\" content=\"article\" \/>\n<meta property=\"og:title\" content=\"Ordering from GetGeared - Billys Crash Helmets\" \/>\n<meta property=\"og:description\" content=\"As well as checking out how well everyone says a retailer does by looking at a range of online review sites, we like to test out how well\u00a0they do by ordering ourselves. For GetGeared, it was just a Pinlock antifog insert we ordered. Get Geared&#8217;s website isn&#8217;t the easiest to navigate and sometimes the product [&hellip;]\" \/>\n<meta property=\"og:url\" content=\"https:\/\/billyscrashhelmets.co.uk\/it\/ordinare-da-getgeared\/\" \/>\n<meta property=\"og:site_name\" content=\"Billys Crash Helmets\" \/>\n<meta property=\"article:publisher\" content=\"https:\/\/www.facebook.com\/pages\/Billys-Crash-Helmets\/252001191558014\" \/>\n<meta property=\"article:modified_time\" content=\"2016-12-27T11:27:08+00:00\" \/>\n<meta name=\"twitter:label1\" content=\"Est. reading time\" \/>\n\t<meta name=\"twitter:data1\" content=\"3 minutes\" \/>\n<script type=\"application\/ld+json\" class=\"yoast-schema-graph\">{\"@context\":\"https:\\\/\\\/schema.org\",\"@graph\":[{\"@type\":\"WebPage\",\"@id\":\"https:\\\/\\\/billyscrashhelmets.co.uk\\\/ordering-from-getgeared\\\/\",\"url\":\"https:\\\/\\\/billyscrashhelmets.co.uk\\\/ordering-from-getgeared\\\/\",\"name\":\"Ordering from GetGeared - Billys Crash Helmets\",\"isPartOf\":{\"@id\":\"https:\\\/\\\/billyscrashhelmets.co.uk\\\/de\\\/#website\"},\"datePublished\":\"2016-07-28T15:55:47+00:00\",\"dateModified\":\"2016-12-27T11:27:08+00:00\",\"breadcrumb\":{\"@id\":\"https:\\\/\\\/billyscrashhelmets.co.uk\\\/ordering-from-getgeared\\\/#breadcrumb\"},\"inLanguage\":\"it-IT\",\"potentialAction\":[{\"@type\":\"ReadAction\",\"target\":[\"https:\\\/\\\/billyscrashhelmets.co.uk\\\/ordering-from-getgeared\\\/\"]}]},{\"@type\":\"BreadcrumbList\",\"@id\":\"https:\\\/\\\/billyscrashhelmets.co.uk\\\/ordering-from-getgeared\\\/#breadcrumb\",\"itemListElement\":[{\"@type\":\"ListItem\",\"position\":1,\"name\":\"Homepage\",\"item\":\"https:\\\/\\\/billyscrashhelmets.co.uk\\\/de\\\/\"},{\"@type\":\"ListItem\",\"position\":2,\"name\":\"Ordering from GetGeared\"}]},{\"@type\":\"WebSite\",\"@id\":\"https:\\\/\\\/billyscrashhelmets.co.uk\\\/de\\\/#website\",\"url\":\"https:\\\/\\\/billyscrashhelmets.co.uk\\\/de\\\/\",\"name\":\"Billys Crash Helmets\",\"description\":\"The best place to find your next crash helmet\",\"potentialAction\":[{\"@type\":\"SearchAction\",\"target\":{\"@type\":\"EntryPoint\",\"urlTemplate\":\"https:\\\/\\\/billyscrashhelmets.co.uk\\\/de\\\/?s={search_term_string}\"},\"query-input\":{\"@type\":\"PropertyValueSpecification\",\"valueRequired\":true,\"valueName\":\"search_term_string\"}}],\"inLanguage\":\"it-IT\"}]}<\/script>\n<!-- \/ Yoast SEO plugin. -->","yoast_head_json":{"title":"Ordinazione da GetGeared - Billys Crash Helmets","robots":{"index":"index","follow":"follow","max-snippet":"max-snippet:-1","max-image-preview":"max-image-preview:large","max-video-preview":"max-video-preview:-1"},"canonical":"https:\/\/billyscrashhelmets.co.uk\/it\/ordinare-da-getgeared\/","og_locale":"it_IT","og_type":"article","og_title":"Ordering from GetGeared - Billys Crash Helmets","og_description":"As well as checking out how well everyone says a retailer does by looking at a range of online review sites, we like to test out how well\u00a0they do by ordering ourselves. For GetGeared, it was just a Pinlock antifog insert we ordered. Get Geared&#8217;s website isn&#8217;t the easiest to navigate and sometimes the product [&hellip;]","og_url":"https:\/\/billyscrashhelmets.co.uk\/it\/ordinare-da-getgeared\/","og_site_name":"Billys Crash Helmets","article_publisher":"https:\/\/www.facebook.com\/pages\/Billys-Crash-Helmets\/252001191558014","article_modified_time":"2016-12-27T11:27:08+00:00","twitter_misc":{"Est. reading time":"3 minutes"},"schema":{"@context":"https:\/\/schema.org","@graph":[{"@type":"WebPage","@id":"https:\/\/billyscrashhelmets.co.uk\/ordering-from-getgeared\/","url":"https:\/\/billyscrashhelmets.co.uk\/ordering-from-getgeared\/","name":"Ordinazione da GetGeared - Billys Crash Helmets","isPartOf":{"@id":"https:\/\/billyscrashhelmets.co.uk\/de\/#website"},"datePublished":"2016-07-28T15:55:47+00:00","dateModified":"2016-12-27T11:27:08+00:00","breadcrumb":{"@id":"https:\/\/billyscrashhelmets.co.uk\/ordering-from-getgeared\/#breadcrumb"},"inLanguage":"it-IT","potentialAction":[{"@type":"ReadAction","target":["https:\/\/billyscrashhelmets.co.uk\/ordering-from-getgeared\/"]}]},{"@type":"BreadcrumbList","@id":"https:\/\/billyscrashhelmets.co.uk\/ordering-from-getgeared\/#breadcrumb","itemListElement":[{"@type":"ListItem","position":1,"name":"Homepage","item":"https:\/\/billyscrashhelmets.co.uk\/de\/"},{"@type":"ListItem","position":2,"name":"Ordering from GetGeared"}]},{"@type":"WebSite","@id":"https:\/\/billyscrashhelmets.co.uk\/de\/#website","url":"https:\/\/billyscrashhelmets.co.uk\/de\/","name":"Caschi Billys Crash","description":"Il posto migliore per trovare il vostro prossimo casco d'emergenza","potentialAction":[{"@type":"SearchAction","target":{"@type":"EntryPoint","urlTemplate":"https:\/\/billyscrashhelmets.co.uk\/de\/?s={search_term_string}"},"query-input":{"@type":"PropertyValueSpecification","valueRequired":true,"valueName":"search_term_string"}}],"inLanguage":"it-IT"}]}},"_links":{"self":[{"href":"https:\/\/billyscrashhelmets.co.uk\/it\/wp-json\/wp\/v2\/pages\/6985","targetHints":{"allow":["GET"]}}],"collection":[{"href":"https:\/\/billyscrashhelmets.co.uk\/it\/wp-json\/wp\/v2\/pages"}],"about":[{"href":"https:\/\/billyscrashhelmets.co.uk\/it\/wp-json\/wp\/v2\/types\/page"}],"author":[{"embeddable":true,"href":"https:\/\/billyscrashhelmets.co.uk\/it\/wp-json\/wp\/v2\/users\/5"}],"replies":[{"embeddable":true,"href":"https:\/\/billyscrashhelmets.co.uk\/it\/wp-json\/wp\/v2\/comments?post=6985"}],"version-history":[{"count":0,"href":"https:\/\/billyscrashhelmets.co.uk\/it\/wp-json\/wp\/v2\/pages\/6985\/revisions"}],"wp:attachment":[{"href":"https:\/\/billyscrashhelmets.co.uk\/it\/wp-json\/wp\/v2\/media?parent=6985"}],"curies":[{"name":"wp","href":"https:\/\/api.w.org\/{rel}","templated":true}]}}